{"id":30498,"date":"2023-03-20T18:40:26","date_gmt":"2023-03-20T17:40:26","guid":{"rendered":"https:\/\/dentelin.eu\/o-nama\/"},"modified":"2024-04-25T14:08:37","modified_gmt":"2024-04-25T13:08:37","slug":"ueber-uns","status":"publish","type":"page","link":"https:\/\/dentelin.eu\/de\/ueber-uns\/","title":{"rendered":"\u00dcber uns"},"content":{"rendered":"<p>[et_pb_section fb_built=&#8220;1&#8243; _builder_version=&#8220;4.19.5&#8243; _module_preset=&#8220;default&#8220; background_image=&#8220;https:\/\/dentelin.eu\/wp-content\/uploads\/2023\/03\/dentelin-header.jpg&#8220; global_colors_info=&#8220;{}&#8220;][et_pb_row _builder_version=&#8220;4.19.5&#8243; _module_preset=&#8220;default&#8220; max_width=&#8220;80%&#8220; global_colors_info=&#8220;{}&#8220;][et_pb_column type=&#8220;4_4&#8243; _builder_version=&#8220;4.19.5&#8243; _module_preset=&#8220;default&#8220; global_colors_info=&#8220;{}&#8220;][et_pb_text _builder_version=&#8220;4.23&#8243; _module_preset=&#8220;default&#8220; header_text_color=&#8220;#FFFFFF&#8220; header_font_size=&#8220;40px&#8220; global_colors_info=&#8220;{}&#8220;]<\/p>\n<h1>Zahnmedizinisches Weiterbildungszentrum Dentelin<\/h1>\n<p>[\/et_pb_text][\/et_pb_column][\/et_pb_row][\/et_pb_section][et_pb_section fb_built=&#8220;1&#8243; _builder_version=&#8220;4.19.5&#8243; _module_preset=&#8220;default&#8220; background_color=&#8220;#00060f&#8220; custom_padding=&#8220;0px||||false|false&#8220; global_colors_info=&#8220;{}&#8220;][et_pb_row column_structure=&#8220;1_2,1_2&#8243; make_equal=&#8220;on&#8220; _builder_version=&#8220;4.19.5&#8243; _module_preset=&#8220;default&#8220; background_color=&#8220;#242834&#8243; max_width=&#8220;80%&#8220; custom_margin=&#8220;0px|auto||auto|false|false&#8220; custom_padding=&#8220;3%|3%|3%|3%|true|true&#8220; border_width_bottom=&#8220;1px&#8220; global_colors_info=&#8220;{}&#8220;][et_pb_column type=&#8220;1_2&#8243; _builder_version=&#8220;4.19.5&#8243; _module_preset=&#8220;default&#8220; global_colors_info=&#8220;{}&#8220;][et_pb_text _builder_version=&#8220;4.24.2&#8243; _module_preset=&#8220;default&#8220; text_text_color=&#8220;#FFFFFF&#8220; text_font_size=&#8220;20px&#8220; header_3_text_color=&#8220;#FFFFFF&#8220; header_3_font_size=&#8220;30px&#8220; header_3_line_height=&#8220;2.3em&#8220; custom_margin=&#8220;|||20px|false|false&#8220; custom_padding=&#8220;|||25px|false|false&#8220; hover_enabled=&#8220;0&#8243; border_radii=&#8220;on|6px|6px|6px|6px&#8220; border_width_left=&#8220;10px&#8220; border_color_left=&#8220;#3a6afd&#8220; global_colors_info=&#8220;{}&#8220; sticky_enabled=&#8220;0&#8243;]<\/p>\n<h3>Dentelin<\/h3>\n<p>Unser Zahnzentrum wird von unseren Partnern und Patienten sehr gesch\u00e4tzt, worauf wir sehr stolz und dankbar sind. Wir existieren bereits seit 30 Jahren. Als eines der zertifizierten Zentren f\u00fcr Mundimplantologie unter der Leitung von Dr. Danijela Komljenovi\u0107 Blitva, Fach\u00e4rztin f\u00fcr Mundchirurgie, haben wir eine hohe Erfolgsrate bei der Bew\u00e4ltigung selbst der komplexesten Situationen<\/p>\n<p>[\/et_pb_text][\/et_pb_column][et_pb_column type=&#8220;1_2&#8243; _builder_version=&#8220;4.19.5&#8243; _module_preset=&#8220;default&#8220; global_colors_info=&#8220;{}&#8220;][et_pb_text _builder_version=&#8220;4.23&#8243; _module_preset=&#8220;default&#8220; text_text_color=&#8220;#FFFFFF&#8220; text_font_size=&#8220;20px&#8220; header_3_text_color=&#8220;#FFFFFF&#8220; header_3_font_size=&#8220;30px&#8220; header_3_line_height=&#8220;2.3em&#8220; custom_margin=&#8220;|||20px|false|false&#8220; custom_padding=&#8220;|||25px|false|false&#8220; border_radii=&#8220;on|6px|6px|6px|6px&#8220; border_width_left=&#8220;10px&#8220; border_color_left=&#8220;#3a6afd&#8220; global_colors_info=&#8220;{}&#8220;]<\/p>\n<h3>Dentelin<\/h3>\n<p>In unserer Zahnarztpraxis k\u00f6nnen alle Untersuchungen und notwendigen Eingriffe durchgef\u00fchrt werden. Wir arbeiten mit den modernsten zahnmedizinischen Labors in Kroatien und auch au\u00dferhalb Kroatiens zusammen. Der technologische Fortschritt erm\u00f6glicht uns und Ihnen eine schnellere und sicherere L\u00f6sung.[\/et_pb_text][\/et_pb_column][\/et_pb_row][et_pb_row column_structure=&#8220;1_2,1_2&#8243; make_equal=&#8220;on&#8220; _builder_version=&#8220;4.19.5&#8243; _module_preset=&#8220;default&#8220; background_color=&#8220;#242834&#8243; max_width=&#8220;80%&#8220; custom_margin=&#8220;0px|auto||auto|false|false&#8220; custom_padding=&#8220;3%|3%|3%|3%|true|true&#8220; global_colors_info=&#8220;{}&#8220;][et_pb_column type=&#8220;1_2&#8243; _builder_version=&#8220;4.19.5&#8243; _module_preset=&#8220;default&#8220; global_colors_info=&#8220;{}&#8220;][et_pb_text _builder_version=&#8220;4.23.1&#8243; _module_preset=&#8220;default&#8220; text_text_color=&#8220;#FFFFFF&#8220; text_font_size=&#8220;20px&#8220; header_3_text_color=&#8220;#FFFFFF&#8220; header_3_font_size=&#8220;30px&#8220; header_3_line_height=&#8220;2.3em&#8220; custom_margin=&#8220;|||20px|false|false&#8220; custom_padding=&#8220;|||25px|false|false&#8220; border_radii=&#8220;on|6px|6px|6px|6px&#8220; border_width_left=&#8220;10px&#8220; border_color_left=&#8220;#3a6afd&#8220; global_colors_info=&#8220;{}&#8220;]<\/p>\n<h3>Patienten \u00fcber uns<\/h3>\n<p>&#8218;Bevor ich die Zahnarztpraxis Dentelin Coop besucht habe, hatte ich schlechte Erfahrungen mit Zahn\u00e4rzten gemacht. Nachdem ich das Team der Praxis kennengelernt hatte, f\u00fchlte ich mich sicher, was sie definitiv mit meiner abschlie\u00dfenden Arbeit gerechtfertigt haben. Ich kann sagen, dass ich mit dem endg\u00fcltigen Ergebnis sehr zufrieden bin und jetzt nach vielen Jahren wieder l\u00e4cheln kann. Meine Empfehlung.&#8216;<\/p>\n<p>Larisa Mojnovi\u0107[\/et_pb_text][\/et_pb_column][et_pb_column type=&#8220;1_2&#8243; _builder_version=&#8220;4.19.5&#8243; _module_preset=&#8220;default&#8220; global_colors_info=&#8220;{}&#8220;][et_pb_text _builder_version=&#8220;4.23.1&#8243; _module_preset=&#8220;default&#8220; text_text_color=&#8220;#FFFFFF&#8220; text_font_size=&#8220;20px&#8220; header_3_text_color=&#8220;#FFFFFF&#8220; header_3_font_size=&#8220;30px&#8220; header_3_line_height=&#8220;2.3em&#8220; custom_margin=&#8220;|||20px|false|false&#8220; custom_padding=&#8220;|||25px|false|false&#8220; border_radii=&#8220;on|6px|6px|6px|6px&#8220; border_width_left=&#8220;10px&#8220; border_color_left=&#8220;#3a6afd&#8220; global_colors_info=&#8220;{}&#8220;]<\/p>\n<h3>Patienten \u00fcber uns<\/h3>\n<p>&#8218;Ich habe die Zahnarztpraxis Dentelin Coop besucht, als ich im Urlaub in Rovinj war. Ich bin mit dem Service und der Arbeit sehr zufrieden. Ich w\u00fcrde die Praxis Dentelin auf jeden Fall weiterempfehlen. Ich werde definitiv wiederkommen.&#8216;<\/p>\n<p>Gabrijela Matrica[\/et_pb_text][\/et_pb_column][\/et_pb_row][\/et_pb_section][et_pb_section fb_built=&#8220;1&#8243; _builder_version=&#8220;4.19.5&#8243; _module_preset=&#8220;default&#8220; use_background_color_gradient=&#8220;on&#8220; background_color_gradient_stops=&#8220;rgba(0,0,0,0.24) 2%|rgba(0,0,0,0.14) 99%&#8220; background_color_gradient_overlays_image=&#8220;on&#8220; background_image=&#8220;https:\/\/dentelin.eu\/wp-content\/uploads\/2023\/03\/dentelin-o-nama2.jpg&#8220; parallax=&#8220;on&#8220; global_colors_info=&#8220;{}&#8220;][et_pb_row _builder_version=&#8220;4.19.5&#8243; _module_preset=&#8220;default&#8220; global_colors_info=&#8220;{}&#8220;][et_pb_column type=&#8220;4_4&#8243; _builder_version=&#8220;4.19.5&#8243; _module_preset=&#8220;default&#8220; global_colors_info=&#8220;{}&#8220;][et_pb_text _builder_version=&#8220;4.23&#8243; _module_preset=&#8220;default&#8220; header_2_font=&#8220;|300|||||||&#8220; header_2_text_align=&#8220;center&#8220; header_2_text_color=&#8220;#FFFFFF&#8220; header_2_font_size=&#8220;40px&#8220; header_2_line_height=&#8220;1.6em&#8220; header_2_font_size_tablet=&#8220;40px&#8220; header_2_font_size_phone=&#8220;28px&#8220; header_2_font_size_last_edited=&#8220;on|phone&#8220; global_colors_info=&#8220;{}&#8220;]<\/p>\n<h2>Erlauben Sie uns, Ihr L\u00e4cheln zu modellieren.<br \/>Technologisch fortschrittliches Zentrum unter der Leitung von Spezialisten bietet einen einzigartigen Ansatz zur L\u00f6sung von Problemen im Mundraum.<\/h2>\n<p>[\/et_pb_text][et_pb_text _builder_version=&#8220;4.19.5&#8243; _module_preset=&#8220;default&#8220; header_4_text_align=&#8220;center&#8220; header_4_text_color=&#8220;#FFFFFF&#8220; header_4_font_size=&#8220;21px&#8220; global_colors_info=&#8220;{}&#8220;]<\/p>\n<h4>Dentelin Coop<\/h4>\n<p>[\/et_pb_text][et_pb_button button_url=&#8220;https:\/\/dentelin.eu\/kontakt\/&#8220; button_text=&#8220;Anfrage absenden&#8220; button_alignment=&#8220;center&#8220; _builder_version=&#8220;4.23&#8243; _module_preset=&#8220;default&#8220; custom_button=&#8220;on&#8220; button_text_size=&#8220;16px&#8220; button_text_color=&#8220;#FFFFFF&#8220; button_bg_color=&#8220;#3a6afd&#8220; button_border_width=&#8220;0px&#8220; button_border_radius=&#8220;45px&#8220; button_font=&#8220;Poppins|300|||||||&#8220; custom_padding=&#8220;10px|40px|10px|40px|true|true&#8220; global_colors_info=&#8220;{}&#8220;][\/et_pb_button][\/et_pb_column][\/et_pb_row][\/et_pb_section]<\/p>\n","protected":false},"excerpt":{"rendered":"<p>Zahnmedizinisches Weiterbildungszentrum DentelinDentelin Unser Zahnzentrum wird von unseren Partnern und Patienten sehr gesch\u00e4tzt, worauf wir sehr stolz und dankbar sind. Wir existieren bereits seit 30 Jahren. Als eines der zertifizierten Zentren f\u00fcr Mundimplantologie unter der Leitung von Dr. Danijela Komljenovi\u0107 Blitva, Fach\u00e4rztin f\u00fcr Mundchirurgie, haben wir eine hohe Erfolgsrate bei der Bew\u00e4ltigung selbst der komplexesten [&hellip;]<\/p>\n","protected":false},"author":1,"featured_media":0,"parent":0,"menu_order":0,"comment_status":"closed","ping_status":"closed","template":"","meta":{"_et_pb_use_builder":"on","_et_pb_old_content":"","_et_gb_content_width":"","footnotes":""},"yoast_head":"<!-- This site is optimized with the Yoast SEO plugin v23.0 - https:\/\/yoast.com\/wordpress\/plugins\/seo\/ -->\n<title>\u00dcber uns: Team &amp; Vision | Dentelin<\/title>\n<meta name=\"description\" content=\"Erfahren Sie, wer wir sind und was wir f\u00fcr Ihre Zahngesundheit tun k\u00f6nnen. Kontaktieren Sie uns f\u00fcr erstklassige zahnmedizinische Betreuung.\" \/>\n<meta name=\"robots\" content=\"index, follow, max-snippet:-1, max-image-preview:large, max-video-preview:-1\" \/>\n<link rel=\"canonical\" href=\"https:\/\/dentelin.eu\/de\/ueber-uns\/\" \/>\n<meta property=\"og:locale\" content=\"de_DE\" \/>\n<meta property=\"og:type\" content=\"article\" \/>\n<meta property=\"og:title\" content=\"\u00dcber uns: Team &amp; Vision | Dentelin\" \/>\n<meta property=\"og:description\" content=\"Erfahren Sie, wer wir sind und was wir f\u00fcr Ihre Zahngesundheit tun k\u00f6nnen. Kontaktieren Sie uns f\u00fcr erstklassige zahnmedizinische Betreuung.\" \/>\n<meta property=\"og:url\" content=\"https:\/\/dentelin.eu\/de\/ueber-uns\/\" \/>\n<meta property=\"og:site_name\" content=\"Dentelin Coop stomatolo\u0161ka ordinacija u Rovinju\" \/>\n<meta property=\"article:modified_time\" content=\"2024-04-25T13:08:37+00:00\" \/>\n<meta name=\"twitter:card\" content=\"summary_large_image\" \/>\n<meta name=\"twitter:label1\" content=\"Gesch\u00e4tzte Lesezeit\" \/>\n\t<meta name=\"twitter:data1\" content=\"3\u00a0Minuten\" \/>\n<script type=\"application\/ld+json\" class=\"yoast-schema-graph\">{\"@context\":\"https:\/\/schema.org\",\"@graph\":[{\"@type\":\"WebPage\",\"@id\":\"https:\/\/dentelin.eu\/de\/ueber-uns\/\",\"url\":\"https:\/\/dentelin.eu\/de\/ueber-uns\/\",\"name\":\"\u00dcber uns: Team & Vision | Dentelin\",\"isPartOf\":{\"@id\":\"https:\/\/dentelin.eu\/de\/#website\"},\"datePublished\":\"2023-03-20T17:40:26+00:00\",\"dateModified\":\"2024-04-25T13:08:37+00:00\",\"description\":\"Erfahren Sie, wer wir sind und was wir f\u00fcr Ihre Zahngesundheit tun k\u00f6nnen. Kontaktieren Sie uns f\u00fcr erstklassige zahnmedizinische Betreuung.\",\"breadcrumb\":{\"@id\":\"https:\/\/dentelin.eu\/de\/ueber-uns\/#breadcrumb\"},\"inLanguage\":\"de\",\"potentialAction\":[{\"@type\":\"ReadAction\",\"target\":[\"https:\/\/dentelin.eu\/de\/ueber-uns\/\"]}]},{\"@type\":\"BreadcrumbList\",\"@id\":\"https:\/\/dentelin.eu\/de\/ueber-uns\/#breadcrumb\",\"itemListElement\":[{\"@type\":\"ListItem\",\"position\":1,\"name\":\"Po\u010detna stranica\",\"item\":\"https:\/\/dentelin.eu\/de\/\"},{\"@type\":\"ListItem\",\"position\":2,\"name\":\"\u00dcber uns\"}]},{\"@type\":\"WebSite\",\"@id\":\"https:\/\/dentelin.eu\/de\/#website\",\"url\":\"https:\/\/dentelin.eu\/de\/\",\"name\":\"Dentelin Coop stomatolo\u0161ka ordinacija u Rovinju\",\"description\":\"\",\"potentialAction\":[{\"@type\":\"SearchAction\",\"target\":{\"@type\":\"EntryPoint\",\"urlTemplate\":\"https:\/\/dentelin.eu\/de\/?s={search_term_string}\"},\"query-input\":\"required name=search_term_string\"}],\"inLanguage\":\"de\"}]}<\/script>\n<!-- \/ Yoast SEO plugin. -->","yoast_head_json":{"title":"\u00dcber uns: Team & Vision | Dentelin","description":"Erfahren Sie, wer wir sind und was wir f\u00fcr Ihre Zahngesundheit tun k\u00f6nnen. Kontaktieren Sie uns f\u00fcr erstklassige zahnmedizinische Betreuung.","robots":{"index":"index","follow":"follow","max-snippet":"max-snippet:-1","max-image-preview":"max-image-preview:large","max-video-preview":"max-video-preview:-1"},"canonical":"https:\/\/dentelin.eu\/de\/ueber-uns\/","og_locale":"de_DE","og_type":"article","og_title":"\u00dcber uns: Team & Vision | Dentelin","og_description":"Erfahren Sie, wer wir sind und was wir f\u00fcr Ihre Zahngesundheit tun k\u00f6nnen. Kontaktieren Sie uns f\u00fcr erstklassige zahnmedizinische Betreuung.","og_url":"https:\/\/dentelin.eu\/de\/ueber-uns\/","og_site_name":"Dentelin Coop stomatolo\u0161ka ordinacija u Rovinju","article_modified_time":"2024-04-25T13:08:37+00:00","twitter_card":"summary_large_image","twitter_misc":{"Gesch\u00e4tzte Lesezeit":"3\u00a0Minuten"},"schema":{"@context":"https:\/\/schema.org","@graph":[{"@type":"WebPage","@id":"https:\/\/dentelin.eu\/de\/ueber-uns\/","url":"https:\/\/dentelin.eu\/de\/ueber-uns\/","name":"\u00dcber uns: Team & Vision | Dentelin","isPartOf":{"@id":"https:\/\/dentelin.eu\/de\/#website"},"datePublished":"2023-03-20T17:40:26+00:00","dateModified":"2024-04-25T13:08:37+00:00","description":"Erfahren Sie, wer wir sind und was wir f\u00fcr Ihre Zahngesundheit tun k\u00f6nnen. Kontaktieren Sie uns f\u00fcr erstklassige zahnmedizinische Betreuung.","breadcrumb":{"@id":"https:\/\/dentelin.eu\/de\/ueber-uns\/#breadcrumb"},"inLanguage":"de","potentialAction":[{"@type":"ReadAction","target":["https:\/\/dentelin.eu\/de\/ueber-uns\/"]}]},{"@type":"BreadcrumbList","@id":"https:\/\/dentelin.eu\/de\/ueber-uns\/#breadcrumb","itemListElement":[{"@type":"ListItem","position":1,"name":"Po\u010detna stranica","item":"https:\/\/dentelin.eu\/de\/"},{"@type":"ListItem","position":2,"name":"\u00dcber uns"}]},{"@type":"WebSite","@id":"https:\/\/dentelin.eu\/de\/#website","url":"https:\/\/dentelin.eu\/de\/","name":"Dentelin Coop stomatolo\u0161ka ordinacija u Rovinju","description":"","potentialAction":[{"@type":"SearchAction","target":{"@type":"EntryPoint","urlTemplate":"https:\/\/dentelin.eu\/de\/?s={search_term_string}"},"query-input":"required name=search_term_string"}],"inLanguage":"de"}]}},"_links":{"self":[{"href":"https:\/\/dentelin.eu\/de\/wp-json\/wp\/v2\/pages\/30498"}],"collection":[{"href":"https:\/\/dentelin.eu\/de\/wp-json\/wp\/v2\/pages"}],"about":[{"href":"https:\/\/dentelin.eu\/de\/wp-json\/wp\/v2\/types\/page"}],"author":[{"embeddable":true,"href":"https:\/\/dentelin.eu\/de\/wp-json\/wp\/v2\/users\/1"}],"replies":[{"embeddable":true,"href":"https:\/\/dentelin.eu\/de\/wp-json\/wp\/v2\/comments?post=30498"}],"version-history":[{"count":6,"href":"https:\/\/dentelin.eu\/de\/wp-json\/wp\/v2\/pages\/30498\/revisions"}],"predecessor-version":[{"id":32472,"href":"https:\/\/dentelin.eu\/de\/wp-json\/wp\/v2\/pages\/30498\/revisions\/32472"}],"wp:attachment":[{"href":"https:\/\/dentelin.eu\/de\/wp-json\/wp\/v2\/media?parent=30498"}],"curies":[{"name":"wp","href":"https:\/\/api.w.org\/{rel}","templated":true}]}}