{"id":30759,"date":"2023-09-18T09:41:19","date_gmt":"2023-09-18T08:41:19","guid":{"rendered":"https:\/\/dentelin.eu\/strucno-lijecenje-zuba-endodoncija-ispuna-i-popravak-karijesa\/"},"modified":"2024-10-29T18:44:57","modified_gmt":"2024-10-29T17:44:57","slug":"professionelle-zahnbehandlung-endodontie-zahnfuellungen-und-kariesreparatur","status":"publish","type":"page","link":"https:\/\/dentelin.eu\/de\/professionelle-zahnbehandlung-endodontie-zahnfuellungen-und-kariesreparatur\/","title":{"rendered":"Professionelle Zahnbehandlung: Endodontie, Zahnf\u00fcllungen und Kariesreparatur"},"content":{"rendered":"<p>[et_pb_section fb_built=&#8220;1&#8243; module_class=&#8220;wk-usluga&#8220; _builder_version=&#8220;4.19.5&#8243; _module_preset=&#8220;default&#8220; background_image=&#8220;https:\/\/dentelin.eu\/wp-content\/uploads\/2023\/03\/dentelin-usluge.jpg&#8220; global_colors_info=&#8220;{}&#8220;][et_pb_row _builder_version=&#8220;4.19.5&#8243; _module_preset=&#8220;default&#8220; max_width=&#8220;80%&#8220; saved_tabs=&#8220;all&#8220; global_colors_info=&#8220;{}&#8220;][et_pb_column type=&#8220;4_4&#8243; _builder_version=&#8220;4.19.5&#8243; _module_preset=&#8220;default&#8220; global_colors_info=&#8220;{}&#8220;][et_pb_post_title meta=&#8220;off&#8220; featured_image=&#8220;off&#8220; _builder_version=&#8220;4.19.5&#8243; _module_preset=&#8220;default&#8220; title_text_color=&#8220;#FFFFFF&#8220; title_font_size=&#8220;40px&#8220; title_line_height=&#8220;1.5em&#8220; title_font_size_tablet=&#8220;&#8220; title_font_size_phone=&#8220;30px&#8220; title_font_size_last_edited=&#8220;on|phone&#8220; global_colors_info=&#8220;{}&#8220;][\/et_pb_post_title][\/et_pb_column][\/et_pb_row][\/et_pb_section][et_pb_section fb_built=&#8220;1&#8243; _builder_version=&#8220;4.19.5&#8243; _module_preset=&#8220;default&#8220; background_color=&#8220;#00060f&#8220; background_image=&#8220;https:\/\/dentelin.eu\/wp-content\/uploads\/2023\/03\/usluge.jpg&#8220; parallax=&#8220;on&#8220; custom_padding=&#8220;0px||||false|false&#8220; global_colors_info=&#8220;{}&#8220;][et_pb_row make_equal=&#8220;on&#8220; _builder_version=&#8220;4.19.5&#8243; _module_preset=&#8220;default&#8220; background_color=&#8220;#242834&#8243; max_width=&#8220;80%&#8220; custom_margin=&#8220;0px|auto||auto|false|false&#8220; custom_padding=&#8220;3%|3%|3%|3%|true|true&#8220; border_width_bottom=&#8220;1px&#8220; global_colors_info=&#8220;{}&#8220;][et_pb_column type=&#8220;4_4&#8243; _builder_version=&#8220;4.19.5&#8243; _module_preset=&#8220;default&#8220; global_colors_info=&#8220;{}&#8220;][et_pb_text _builder_version=&#8220;4.27.0&#8243; _module_preset=&#8220;default&#8220; text_text_color=&#8220;#FFFFFF&#8220; header_2_text_color=&#8220;#FFFFFF&#8220; header_3_text_color=&#8220;#FFFFFF&#8220; header_3_line_height=&#8220;1.7em&#8220; hover_enabled=&#8220;0&#8243; global_colors_info=&#8220;{}&#8220; sticky_enabled=&#8220;0&#8243;]<\/p>\n<h2><span style=\"font-weight: 400;\">Was ist Endodontie?<\/span><\/h2>\n<h3><span style=\"font-weight: 400;\">Verst\u00e4ndnis des Wurzelkanals<\/span><\/h3>\n<p><span style=\"font-weight: 300;\">Endodontie, besser bekannt als Wurzelbehandlung, ist ein Verfahren, das angewendet wird, wenn das Innere des Zahns (Pulpa) entz\u00fcndet oder infiziert ist. Die Behandlung umfasst die Entfernung des besch\u00e4digten Gewebes, die Reinigung und Desinfektion der Kan\u00e4le sowie deren F\u00fcllung und Versiegelung, um zuk\u00fcnftige Infektionen zu verhindern.<\/span><\/p>\n<p><span style=\"font-weight: 300;\"><img loading=\"lazy\" decoding=\"async\" src=\"https:\/\/dentelin.eu\/wp-content\/uploads\/2024\/10\/dentalni-ispuni-i-lijecenja.jpg\" width=\"1200\" height=\"600\" alt=\"\" class=\"wp-image-33102 alignnone size-full\" srcset=\"https:\/\/dentelin.eu\/wp-content\/uploads\/2024\/10\/dentalni-ispuni-i-lijecenja.jpg 1200w, https:\/\/dentelin.eu\/wp-content\/uploads\/2024\/10\/dentalni-ispuni-i-lijecenja-980x490.jpg 980w, https:\/\/dentelin.eu\/wp-content\/uploads\/2024\/10\/dentalni-ispuni-i-lijecenja-480x240.jpg 480w\" sizes=\"(min-width: 0px) and (max-width: 480px) 480px, (min-width: 481px) and (max-width: 980px) 980px, (min-width: 981px) 1200px, 100vw\" \/><\/span><\/p>\n<h3><span style=\"font-weight: 400;\">Wann ist eine endodontische Therapie notwendig?<\/span><\/h3>\n<p><span style=\"font-weight: 300;\">Eine endodontische Therapie ist erforderlich, wenn es zu tiefem Karies, einem Zahnbruch oder einer Verletzung gekommen ist, die das Pulpagewebe besch\u00e4digt hat. Symptome k\u00f6nnen Schmerzen, Schwellungen und eine Verf\u00e4rbung des Zahns sein.<\/span><\/p>\n<h3><span style=\"font-weight: 400;\">Der Ablauf einer Wurzelkanalbehandlung<\/span><\/h3>\n<p><span style=\"font-weight: 300;\">Die Behandlung wird in der Regel in einem oder mehreren Terminen abgeschlossen, abh\u00e4ngig vom Zustand der Infektion und der Komplexit\u00e4t des Zahns. Moderne Endodontie kann den Zahn retten und die Notwendigkeit einer Extraktion vermeiden.<\/span><\/p>\n<h2><span style=\"font-weight: 400;\">Zahnf\u00fcllungen<\/span><\/h2>\n<h3><span style=\"font-weight: 400;\">Arten von Materialien f\u00fcr Zahnf\u00fcllungen<\/span><\/h3>\n<p><span style=\"font-weight: 300;\">Zahnf\u00fcllungen k\u00f6nnen aus verschiedenen Materialien hergestellt werden, darunter Amalgam, Komposit, Porzellan und Gold. Jedes Material hat seine Vorteile, wobei Komposit- und Porzellanf\u00fcllungen oft wegen ihrer \u00e4sthetischen Qualit\u00e4ten gew\u00e4hlt werden.<\/span><\/p>\n<h3><span style=\"font-weight: 400;\">Der Ablauf einer Zahnf\u00fcllung<\/span><\/h3>\n<p><span style=\"font-weight: 300;\">Nach der Entfernung von Karies wird der Zahn gereinigt und f\u00fcr die F\u00fcllung vorbereitet. Das F\u00fcllmaterial wird dann aufgetragen, geformt und poliert, wodurch die Funktionalit\u00e4t und das nat\u00fcrliche Aussehen des Zahns wiederhergestellt werden.<\/span><\/p>\n<h3><span style=\"font-weight: 400;\">Vorbeugung von Karies und Pflege von F\u00fcllungen<\/span><\/h3>\n<p><span style=\"font-weight: 300;\">Regelm\u00e4\u00dfige Mundhygiene, einschlie\u00dflich Z\u00e4hneputzen und Zahnseide, ist entscheidend f\u00fcr die Vorbeugung von Karies und die Erhaltung bestehender Zahnf\u00fcllungen.<\/span><\/p>\n<p><span style=\"font-weight: 300;\"><img loading=\"lazy\" decoding=\"async\" src=\"https:\/\/dentelin.eu\/wp-content\/uploads\/2024\/10\/dentalni-ispuni-i-lijecenja-2.jpg\" width=\"1200\" height=\"600\" alt=\"\" class=\"wp-image-33098 alignnone size-full\" srcset=\"https:\/\/dentelin.eu\/wp-content\/uploads\/2024\/10\/dentalni-ispuni-i-lijecenja-2.jpg 1200w, https:\/\/dentelin.eu\/wp-content\/uploads\/2024\/10\/dentalni-ispuni-i-lijecenja-2-980x490.jpg 980w, https:\/\/dentelin.eu\/wp-content\/uploads\/2024\/10\/dentalni-ispuni-i-lijecenja-2-480x240.jpg 480w\" sizes=\"(min-width: 0px) and (max-width: 480px) 480px, (min-width: 481px) and (max-width: 980px) 980px, (min-width: 981px) 1200px, 100vw\" \/><\/span><\/p>\n<h2><span style=\"font-weight: 400;\">Kariesbehandlung<\/span><\/h2>\n<h3><span style=\"font-weight: 400;\">Fr\u00fcherkennung und Behandlung von Karies<\/span><\/h3>\n<p><span style=\"font-weight: 300;\">Die Fr\u00fcherkennung von Karies ist entscheidend, um Sch\u00e4den zu minimieren und die Zahngesundheit zu erhalten. Regelm\u00e4\u00dfige zahn\u00e4rztliche Untersuchungen erm\u00f6glichen eine fr\u00fchzeitige Behandlung und verhindern weiteren Verfall.<\/span><\/p>\n<h3><span style=\"font-weight: 400;\">Moderne Ans\u00e4tze zur Kariesbehandlung<\/span><\/h3>\n<p><span style=\"font-weight: 300;\">Mit den Fortschritten in der Zahnmedizin gibt es zahlreiche Methoden zur effektiven Behandlung von Karies, einschlie\u00dflich minimalinvasiver Techniken, die so viel gesundes Gewebe wie m\u00f6glich erhalten.<\/span><\/p>\n<h3><span style=\"font-weight: 400;\">Die Bedeutung regelm\u00e4\u00dfiger Untersuchungen zur Vorbeugung von Karies<\/span><\/h3>\n<p><span style=\"font-weight: 300;\">Neben der Behandlung sind regelm\u00e4\u00dfige zahn\u00e4rztliche Untersuchungen unerl\u00e4sslich zur Vorbeugung von Karies durch professionelle Reinigungen, Fluoridierung und Aufkl\u00e4rung \u00fcber Mundhygiene.<\/span><\/p>\n<h2><span style=\"font-weight: 400;\">Vorteile der modernen Zahnbehandlung<\/span><\/h2>\n<h3><span style=\"font-weight: 400;\">Wie verbessert die Technologie die endodontische Therapie und Zahnf\u00fcllungen?<\/span><\/h3>\n<p><span style=\"font-weight: 300;\">Moderne Technologie erm\u00f6glicht pr\u00e4zisere Diagnosen und Behandlungen von Z\u00e4hnen, reduziert Unbehagen und verk\u00fcrzt die Erholungszeit. Digitale Abdr\u00fccke, 3D-Scans und Lasertherapie sind nur einige der Werkzeuge, die das Behandlungserlebnis verbessern.<\/span><\/p>\n<p><span style=\"font-weight: 300;\"><img loading=\"lazy\" decoding=\"async\" src=\"https:\/\/dentelin.eu\/wp-content\/uploads\/2024\/10\/dentalni-ispuni-i-lijecenja1.jpg\" width=\"1200\" height=\"600\" alt=\"\" class=\"wp-image-33094 alignnone size-full\" srcset=\"https:\/\/dentelin.eu\/wp-content\/uploads\/2024\/10\/dentalni-ispuni-i-lijecenja1.jpg 1200w, https:\/\/dentelin.eu\/wp-content\/uploads\/2024\/10\/dentalni-ispuni-i-lijecenja1-980x490.jpg 980w, https:\/\/dentelin.eu\/wp-content\/uploads\/2024\/10\/dentalni-ispuni-i-lijecenja1-480x240.jpg 480w\" sizes=\"(min-width: 0px) and (max-width: 480px) 480px, (min-width: 481px) and (max-width: 980px) 980px, (min-width: 981px) 1200px, 100vw\" \/><\/span><\/p>\n<h3><span style=\"font-weight: 400;\">Warum sollten Sie sich f\u00fcr eine fachkundige Behandlung Ihrer Zahngesundheit entscheiden?<\/span><\/h3>\n<p><span style=\"font-weight: 300;\">Fachkundige Behandlung bietet nicht nur \u00e4sthetisch zufriedenstellende, sondern auch funktionale und langlebige L\u00f6sungen f\u00fcr zahnmedizinische Probleme. Hochwertige Pflege kann weitere Komplikationen verhindern und die Gesundheit Ihrer Z\u00e4hne erhalten.<\/span><\/p>\n<h2><span style=\"font-weight: 400;\">Dauer der Zahnbehandlung<\/span><\/h2>\n<p><span style=\"font-weight: 300;\">Die Dauer der Zahnbehandlung h\u00e4ngt ebenfalls<\/span><b> von der Art des Problems ab.<\/b><span style=\"font-weight: 300;\"> Eine einfache Zahnf\u00fcllung kann in einem Besuch abgeschlossen werden, w\u00e4hrend eine endodontische Behandlung mehrere Besuche erfordern kann, je nach Komplexit\u00e4t des Falls. Der Zahnarzt wird Ihnen nach der Untersuchung eine Sch\u00e4tzung der Behandlungsdauer geben.<\/span><\/p>\n<p><span style=\"font-weight: 300;\">Es ist wichtig, regelm\u00e4\u00dfig Mundhygiene zu betreiben und den Zahnarzt regelm\u00e4\u00dfig zu besuchen, um die Zahngesundheit zu erhalten und ernsthaftere Probleme in der Zukunft zu vermeiden.<\/span><\/p>\n<h2><span style=\"font-weight: 400;\">Terminvereinbarung zur Zahnbehandlung<\/span><\/h2>\n<h3><span style=\"font-weight: 400;\">Kontaktieren Sie uns f\u00fcr professionelle Pflege und Behandlung<\/span><\/h3>\n<p><span style=\"font-weight: 300;\">Wenn Sie eine endodontische Therapie, Kariesbehandlung oder eine Zahnf\u00fcllung ben\u00f6tigen, laden wir Sie ein, einen Beratungstermin zu vereinbaren. Unser Expertenteam bietet Ihnen individuelle Pflege und empfiehlt die besten Behandlungen f\u00fcr Ihre Zahngesundheit.<\/span><\/p>\n<p>[\/et_pb_text][et_pb_image src=&#8220;https:\/\/dentelin.eu\/wp-content\/uploads\/2023\/09\/dentalni_ispuni.jpg&#8220; title_text=&#8220;dentalni_ispuni&#8220; align=&#8220;center&#8220; _builder_version=&#8220;4.23.1&#8243; _module_preset=&#8220;default&#8220; width=&#8220;70%&#8220; global_colors_info=&#8220;{}&#8220;][\/et_pb_image][\/et_pb_column][\/et_pb_row][\/et_pb_section]<\/p>\n","protected":false},"excerpt":{"rendered":"<p>Was ist Endodontie? Verst\u00e4ndnis des Wurzelkanals Endodontie, besser bekannt als Wurzelbehandlung, ist ein Verfahren, das angewendet wird, wenn das Innere des Zahns (Pulpa) entz\u00fcndet oder infiziert ist. Die Behandlung umfasst die Entfernung des besch\u00e4digten Gewebes, die Reinigung und Desinfektion der Kan\u00e4le sowie deren F\u00fcllung und Versiegelung, um zuk\u00fcnftige Infektionen zu verhindern. Wann ist eine endodontische [&hellip;]<\/p>\n","protected":false},"author":1,"featured_media":0,"parent":0,"menu_order":0,"comment_status":"closed","ping_status":"closed","template":"","meta":{"_et_pb_use_builder":"on","_et_pb_old_content":"","_et_gb_content_width":"","footnotes":""},"yoast_head":"<!-- This site is optimized with the Yoast SEO plugin v23.0 - https:\/\/yoast.com\/wordpress\/plugins\/seo\/ -->\n<title>Professionelle Zahnbehandlung und endodontische Eingriffe | Dentelin<\/title>\n<meta name=\"description\" content=\"Endodontische Behandlung von Z\u00e4hnen, Reparatur von Z\u00e4hnen und Karies. Professionelle Zahnf\u00fcllung mit Spitzentechnologie. Einen Termin machen!\" \/>\n<meta name=\"robots\" content=\"index, follow, max-snippet:-1, max-image-preview:large, max-video-preview:-1\" \/>\n<link rel=\"canonical\" href=\"https:\/\/dentelin.eu\/de\/professionelle-zahnbehandlung-endodontie-zahnfuellungen-und-kariesreparatur\/\" \/>\n<meta property=\"og:locale\" content=\"de_DE\" \/>\n<meta property=\"og:type\" content=\"article\" \/>\n<meta property=\"og:title\" content=\"Professionelle Zahnbehandlung und endodontische Eingriffe | Dentelin\" \/>\n<meta property=\"og:description\" content=\"Endodontische Behandlung von Z\u00e4hnen, Reparatur von Z\u00e4hnen und Karies. Professionelle Zahnf\u00fcllung mit Spitzentechnologie. Einen Termin machen!\" \/>\n<meta property=\"og:url\" content=\"https:\/\/dentelin.eu\/de\/professionelle-zahnbehandlung-endodontie-zahnfuellungen-und-kariesreparatur\/\" \/>\n<meta property=\"og:site_name\" content=\"Dentelin Coop stomatolo\u0161ka ordinacija u Rovinju\" \/>\n<meta property=\"article:modified_time\" content=\"2024-10-29T17:44:57+00:00\" \/>\n<meta property=\"og:image\" content=\"https:\/\/dentelin.eu\/wp-content\/uploads\/2024\/10\/dentalni-ispuni-i-lijecenja.jpg\" \/>\n<meta name=\"twitter:card\" content=\"summary_large_image\" \/>\n<meta name=\"twitter:label1\" content=\"Gesch\u00e4tzte Lesezeit\" \/>\n\t<meta name=\"twitter:data1\" content=\"4\u00a0Minuten\" \/>\n<script type=\"application\/ld+json\" class=\"yoast-schema-graph\">{\"@context\":\"https:\/\/schema.org\",\"@graph\":[{\"@type\":\"WebPage\",\"@id\":\"https:\/\/dentelin.eu\/de\/professionelle-zahnbehandlung-endodontie-zahnfuellungen-und-kariesreparatur\/\",\"url\":\"https:\/\/dentelin.eu\/de\/professionelle-zahnbehandlung-endodontie-zahnfuellungen-und-kariesreparatur\/\",\"name\":\"Professionelle Zahnbehandlung und endodontische Eingriffe | Dentelin\",\"isPartOf\":{\"@id\":\"https:\/\/dentelin.eu\/de\/#website\"},\"primaryImageOfPage\":{\"@id\":\"https:\/\/dentelin.eu\/de\/professionelle-zahnbehandlung-endodontie-zahnfuellungen-und-kariesreparatur\/#primaryimage\"},\"image\":{\"@id\":\"https:\/\/dentelin.eu\/de\/professionelle-zahnbehandlung-endodontie-zahnfuellungen-und-kariesreparatur\/#primaryimage\"},\"thumbnailUrl\":\"https:\/\/dentelin.eu\/wp-content\/uploads\/2024\/10\/dentalni-ispuni-i-lijecenja.jpg\",\"datePublished\":\"2023-09-18T08:41:19+00:00\",\"dateModified\":\"2024-10-29T17:44:57+00:00\",\"description\":\"Endodontische Behandlung von Z\u00e4hnen, Reparatur von Z\u00e4hnen und Karies. Professionelle Zahnf\u00fcllung mit Spitzentechnologie. Einen Termin machen!\",\"breadcrumb\":{\"@id\":\"https:\/\/dentelin.eu\/de\/professionelle-zahnbehandlung-endodontie-zahnfuellungen-und-kariesreparatur\/#breadcrumb\"},\"inLanguage\":\"de\",\"potentialAction\":[{\"@type\":\"ReadAction\",\"target\":[\"https:\/\/dentelin.eu\/de\/professionelle-zahnbehandlung-endodontie-zahnfuellungen-und-kariesreparatur\/\"]}]},{\"@type\":\"ImageObject\",\"inLanguage\":\"de\",\"@id\":\"https:\/\/dentelin.eu\/de\/professionelle-zahnbehandlung-endodontie-zahnfuellungen-und-kariesreparatur\/#primaryimage\",\"url\":\"https:\/\/dentelin.eu\/wp-content\/uploads\/2024\/10\/dentalni-ispuni-i-lijecenja.jpg\",\"contentUrl\":\"https:\/\/dentelin.eu\/wp-content\/uploads\/2024\/10\/dentalni-ispuni-i-lijecenja.jpg\"},{\"@type\":\"BreadcrumbList\",\"@id\":\"https:\/\/dentelin.eu\/de\/professionelle-zahnbehandlung-endodontie-zahnfuellungen-und-kariesreparatur\/#breadcrumb\",\"itemListElement\":[{\"@type\":\"ListItem\",\"position\":1,\"name\":\"Po\u010detna stranica\",\"item\":\"https:\/\/dentelin.eu\/de\/\"},{\"@type\":\"ListItem\",\"position\":2,\"name\":\"Professionelle Zahnbehandlung: Endodontie, Zahnf\u00fcllungen und Kariesreparatur\"}]},{\"@type\":\"WebSite\",\"@id\":\"https:\/\/dentelin.eu\/de\/#website\",\"url\":\"https:\/\/dentelin.eu\/de\/\",\"name\":\"Dentelin Coop stomatolo\u0161ka ordinacija u Rovinju\",\"description\":\"\",\"potentialAction\":[{\"@type\":\"SearchAction\",\"target\":{\"@type\":\"EntryPoint\",\"urlTemplate\":\"https:\/\/dentelin.eu\/de\/?s={search_term_string}\"},\"query-input\":\"required name=search_term_string\"}],\"inLanguage\":\"de\"}]}<\/script>\n<!-- \/ Yoast SEO plugin. -->","yoast_head_json":{"title":"Professionelle Zahnbehandlung und endodontische Eingriffe | Dentelin","description":"Endodontische Behandlung von Z\u00e4hnen, Reparatur von Z\u00e4hnen und Karies. Professionelle Zahnf\u00fcllung mit Spitzentechnologie. Einen Termin machen!","robots":{"index":"index","follow":"follow","max-snippet":"max-snippet:-1","max-image-preview":"max-image-preview:large","max-video-preview":"max-video-preview:-1"},"canonical":"https:\/\/dentelin.eu\/de\/professionelle-zahnbehandlung-endodontie-zahnfuellungen-und-kariesreparatur\/","og_locale":"de_DE","og_type":"article","og_title":"Professionelle Zahnbehandlung und endodontische Eingriffe | Dentelin","og_description":"Endodontische Behandlung von Z\u00e4hnen, Reparatur von Z\u00e4hnen und Karies. Professionelle Zahnf\u00fcllung mit Spitzentechnologie. Einen Termin machen!","og_url":"https:\/\/dentelin.eu\/de\/professionelle-zahnbehandlung-endodontie-zahnfuellungen-und-kariesreparatur\/","og_site_name":"Dentelin Coop stomatolo\u0161ka ordinacija u Rovinju","article_modified_time":"2024-10-29T17:44:57+00:00","og_image":[{"url":"https:\/\/dentelin.eu\/wp-content\/uploads\/2024\/10\/dentalni-ispuni-i-lijecenja.jpg"}],"twitter_card":"summary_large_image","twitter_misc":{"Gesch\u00e4tzte Lesezeit":"4\u00a0Minuten"},"schema":{"@context":"https:\/\/schema.org","@graph":[{"@type":"WebPage","@id":"https:\/\/dentelin.eu\/de\/professionelle-zahnbehandlung-endodontie-zahnfuellungen-und-kariesreparatur\/","url":"https:\/\/dentelin.eu\/de\/professionelle-zahnbehandlung-endodontie-zahnfuellungen-und-kariesreparatur\/","name":"Professionelle Zahnbehandlung und endodontische Eingriffe | Dentelin","isPartOf":{"@id":"https:\/\/dentelin.eu\/de\/#website"},"primaryImageOfPage":{"@id":"https:\/\/dentelin.eu\/de\/professionelle-zahnbehandlung-endodontie-zahnfuellungen-und-kariesreparatur\/#primaryimage"},"image":{"@id":"https:\/\/dentelin.eu\/de\/professionelle-zahnbehandlung-endodontie-zahnfuellungen-und-kariesreparatur\/#primaryimage"},"thumbnailUrl":"https:\/\/dentelin.eu\/wp-content\/uploads\/2024\/10\/dentalni-ispuni-i-lijecenja.jpg","datePublished":"2023-09-18T08:41:19+00:00","dateModified":"2024-10-29T17:44:57+00:00","description":"Endodontische Behandlung von Z\u00e4hnen, Reparatur von Z\u00e4hnen und Karies. Professionelle Zahnf\u00fcllung mit Spitzentechnologie. Einen Termin machen!","breadcrumb":{"@id":"https:\/\/dentelin.eu\/de\/professionelle-zahnbehandlung-endodontie-zahnfuellungen-und-kariesreparatur\/#breadcrumb"},"inLanguage":"de","potentialAction":[{"@type":"ReadAction","target":["https:\/\/dentelin.eu\/de\/professionelle-zahnbehandlung-endodontie-zahnfuellungen-und-kariesreparatur\/"]}]},{"@type":"ImageObject","inLanguage":"de","@id":"https:\/\/dentelin.eu\/de\/professionelle-zahnbehandlung-endodontie-zahnfuellungen-und-kariesreparatur\/#primaryimage","url":"https:\/\/dentelin.eu\/wp-content\/uploads\/2024\/10\/dentalni-ispuni-i-lijecenja.jpg","contentUrl":"https:\/\/dentelin.eu\/wp-content\/uploads\/2024\/10\/dentalni-ispuni-i-lijecenja.jpg"},{"@type":"BreadcrumbList","@id":"https:\/\/dentelin.eu\/de\/professionelle-zahnbehandlung-endodontie-zahnfuellungen-und-kariesreparatur\/#breadcrumb","itemListElement":[{"@type":"ListItem","position":1,"name":"Po\u010detna stranica","item":"https:\/\/dentelin.eu\/de\/"},{"@type":"ListItem","position":2,"name":"Professionelle Zahnbehandlung: Endodontie, Zahnf\u00fcllungen und Kariesreparatur"}]},{"@type":"WebSite","@id":"https:\/\/dentelin.eu\/de\/#website","url":"https:\/\/dentelin.eu\/de\/","name":"Dentelin Coop stomatolo\u0161ka ordinacija u Rovinju","description":"","potentialAction":[{"@type":"SearchAction","target":{"@type":"EntryPoint","urlTemplate":"https:\/\/dentelin.eu\/de\/?s={search_term_string}"},"query-input":"required name=search_term_string"}],"inLanguage":"de"}]}},"_links":{"self":[{"href":"https:\/\/dentelin.eu\/de\/wp-json\/wp\/v2\/pages\/30759"}],"collection":[{"href":"https:\/\/dentelin.eu\/de\/wp-json\/wp\/v2\/pages"}],"about":[{"href":"https:\/\/dentelin.eu\/de\/wp-json\/wp\/v2\/types\/page"}],"author":[{"embeddable":true,"href":"https:\/\/dentelin.eu\/de\/wp-json\/wp\/v2\/users\/1"}],"replies":[{"embeddable":true,"href":"https:\/\/dentelin.eu\/de\/wp-json\/wp\/v2\/comments?post=30759"}],"version-history":[{"count":8,"href":"https:\/\/dentelin.eu\/de\/wp-json\/wp\/v2\/pages\/30759\/revisions"}],"predecessor-version":[{"id":33109,"href":"https:\/\/dentelin.eu\/de\/wp-json\/wp\/v2\/pages\/30759\/revisions\/33109"}],"wp:attachment":[{"href":"https:\/\/dentelin.eu\/de\/wp-json\/wp\/v2\/media?parent=30759"}],"curies":[{"name":"wp","href":"https:\/\/api.w.org\/{rel}","templated":true}]}}