{"id":30773,"date":"2023-12-29T08:27:10","date_gmt":"2023-12-29T07:27:10","guid":{"rendered":"https:\/\/dentelin.eu\/oralna-kirurgija\/"},"modified":"2024-10-21T09:34:41","modified_gmt":"2024-10-21T08:34:41","slug":"oralchirurgie","status":"publish","type":"page","link":"https:\/\/dentelin.eu\/de\/oralchirurgie\/","title":{"rendered":"Oralchirurgie"},"content":{"rendered":"<p>[et_pb_section fb_built=&#8220;1&#8243; module_class=&#8220;wk-usluga&#8220; _builder_version=&#8220;4.19.5&#8243; _module_preset=&#8220;default&#8220; background_image=&#8220;https:\/\/dentelin.eu\/wp-content\/uploads\/2023\/03\/dentelin-usluge.jpg&#8220; global_colors_info=&#8220;{}&#8220;][et_pb_row _builder_version=&#8220;4.19.5&#8243; _module_preset=&#8220;default&#8220; max_width=&#8220;80%&#8220; saved_tabs=&#8220;all&#8220; global_colors_info=&#8220;{}&#8220;][et_pb_column type=&#8220;4_4&#8243; _builder_version=&#8220;4.19.5&#8243; _module_preset=&#8220;default&#8220; global_colors_info=&#8220;{}&#8220;][et_pb_post_title meta=&#8220;off&#8220; featured_image=&#8220;off&#8220; _builder_version=&#8220;4.19.5&#8243; _module_preset=&#8220;default&#8220; title_text_color=&#8220;#FFFFFF&#8220; title_font_size=&#8220;40px&#8220; title_line_height=&#8220;1.5em&#8220; title_font_size_tablet=&#8220;&#8220; title_font_size_phone=&#8220;30px&#8220; title_font_size_last_edited=&#8220;on|phone&#8220; global_colors_info=&#8220;{}&#8220;][\/et_pb_post_title][\/et_pb_column][\/et_pb_row][\/et_pb_section][et_pb_section fb_built=&#8220;1&#8243; _builder_version=&#8220;4.19.5&#8243; _module_preset=&#8220;default&#8220; background_color=&#8220;#00060f&#8220; background_image=&#8220;https:\/\/dentelin.eu\/wp-content\/uploads\/2023\/03\/usluge.jpg&#8220; parallax=&#8220;on&#8220; custom_padding=&#8220;0px||||false|false&#8220; global_colors_info=&#8220;{}&#8220;][et_pb_row make_equal=&#8220;on&#8220; _builder_version=&#8220;4.19.5&#8243; _module_preset=&#8220;default&#8220; background_color=&#8220;#242834&#8243; max_width=&#8220;80%&#8220; custom_margin=&#8220;0px|auto||auto|false|false&#8220; custom_padding=&#8220;3%|3%|3%|3%|true|true&#8220; border_width_bottom=&#8220;1px&#8220; global_colors_info=&#8220;{}&#8220;][et_pb_column type=&#8220;4_4&#8243; _builder_version=&#8220;4.19.5&#8243; _module_preset=&#8220;default&#8220; global_colors_info=&#8220;{}&#8220;][et_pb_text _builder_version=&#8220;4.24.2&#8243; _module_preset=&#8220;default&#8220; text_text_color=&#8220;#FFFFFF&#8220; header_2_text_color=&#8220;#FFFFFF&#8220; header_3_text_color=&#8220;#FFFFFF&#8220; header_3_line_height=&#8220;1.7em&#8220; global_colors_info=&#8220;{}&#8220;]<span style=\"font-weight: 300;\">Die orale Chirurgie umfasst ein breites Spektrum an Eingriffen, die Ihre Mundgesundheit und die Funktion Ihres Mundes erheblich verbessern k\u00f6nnen. Die Eingriffe reichen von relativ einfachen Verfahren wie Zahnextraktionen bis hin zu komplexeren Operationen wie Kieferrekonstruktionen und Implantationen. Unser Expertenteam verwendet die neuesten Techniken und Ger\u00e4te, um die Sicherheit und Effektivit\u00e4t jedes Eingriffs zu gew\u00e4hrleisten.<\/span><\/p>\n<h2><strong>Was ist orale Chirurgie?<\/strong><\/h2>\n<p><span style=\"font-weight: 300;\">Die orale Chirurgie ist ein Bereich der Zahnmedizin, der sich mit der <strong>Diagnose<\/strong> und <strong>chirurgischen Behandlung von Krankheiten<\/strong>, <strong>Verletzungen<\/strong> und <strong>Defekten des Mundes<\/strong>, der <strong>Z\u00e4hne<\/strong> und des <strong>Kiefers<\/strong> befasst. Die von einem Oralchirurgen durchgef\u00fchrten Eingriffe sind oft entscheidend, um weitere gesundheitliche Komplikationen zu verhindern und die Lebensqualit\u00e4t des Patienten zu verbessern. Unsere Chirurgen sind in verschiedenen Operationen ausgebildet, die Ihre Zahnprobleme dauerhaft l\u00f6sen k\u00f6nnen.<\/span><\/p>\n<h2><strong>Leistungen der oralen Chirurgie<\/strong><\/h2>\n<p><span style=\"font-weight: 300;\">Zu den h\u00e4ufigsten Eingriffen, die unsere Klinik anbietet, geh\u00f6ren die <strong>Entfernung von Weisheitsz\u00e4hnen<\/strong>, die <strong>chirurgische Behandlung von Parodontalerkrankungen<\/strong>, die <strong>Implantation von Zahnimplantaten<\/strong> und die <strong>Wurzelspitzenresektion<\/strong>. Jeder dieser Eingriffe erfordert eine spezifische Vorbereitung und postoperative Pflege und wird unter sterilen Bedingungen durchgef\u00fchrt, um das Risiko von Infektionen und Komplikationen zu minimieren.<\/span><\/p>\n<h2><strong>Zahnentfernung<\/strong><\/h2>\n<p><span style=\"font-weight: 300;\">Die Zahnentfernung ist ein zahnchirurgischer Eingriff, der empfohlen wird, <strong>wenn ein Zahn so stark besch\u00e4digt oder infiziert ist, dass er nicht mit herk\u00f6mmlichen Methoden behandelt werden kann.<\/strong> W\u00e4hrend dieses Verfahrens wird <strong>der Zahn aus dem Kiefer entfernt<\/strong>, was hilft, Schmerzen zu lindern und die Ausbreitung der Infektion auf andere Z\u00e4hne und das umliegende Gewebe zu verhindern. Die Vorbereitung auf einen oralen Eingriff umfasst eine detaillierte Diagnose und ein Gespr\u00e4ch mit dem Patienten \u00fcber die An\u00e4sthesie und das Verfahren. Nach der Zahnentfernung erh\u00e4lt der Patient Anweisungen zur postoperativen Pflege, um eine schnelle und schmerzfreie Genesung zu gew\u00e4hrleisten.<\/span><\/p>\n<h3><strong>Wurzelspitzenresektion<\/strong><\/h3>\n<p><span style=\"font-weight: 300;\">Eine Wurzelspitzenresektion ist ein chirurgischer Eingriff, bei dem die <strong>Wurzelspitze eines Zahnes entfernt<\/strong> (Wurzelspitzenresektion) <strong>wird, die infiziert oder entz\u00fcndet ist<\/strong>. Es wird normalerweise nach einem erfolglosen endodontischen Eingriff (Wurzelbehandlung) angewendet.<\/span><\/p>\n<h2><strong>Chirurgische Zahn- und Weisheitszahnentfernung<\/strong><\/h2>\n<p><span style=\"font-weight: 300;\">Die Zahnentfernung ist die <strong>Entfernung eines Zahnes aus der Mundh\u00f6hle<\/strong>. Gr\u00fcnde f\u00fcr die Zahnentfernung k\u00f6nnen <strong>Karies<\/strong>, <strong>Parodontalerkrankungen<\/strong>, <strong>Impaktierung<\/strong> (wenn ein Zahn nicht richtig herausgewachsen ist) oder der Bedarf an Platz vor einer kieferorthop\u00e4dischen Behandlung sein.<\/span><\/p>\n<p><span style=\"font-weight: 300;\">Weisheitsz\u00e4hne sind die letzten Backenz\u00e4hne im Mund und k\u00f6nnen oft impaktiert sein oder Beschwerden verursachen. Die Entfernung von Weisheitsz\u00e4hnen ist h\u00e4ufig erforderlich, um Komplikationen wie Schmerzen, Infektionen und Bissst\u00f6rungen zu vermeiden.<\/span><\/p>\n<h2><strong>Wurzelresektion<\/strong><\/h2>\n<p><span style=\"font-weight: 300;\">Die Wurzelresektion ist ein chirurgischer Eingriff, der durchgef\u00fchrt wird, um die <strong>Wurzelspitze eines Zahnes zusammen mit dem umliegenden infizierten Gewebe<\/strong> zu entfernen. Die Wurzelresektion wird am h\u00e4ufigsten angewendet, wenn eine standardm\u00e4\u00dfige Wurzelkanalbehandlung (Endodontie) nicht ausreicht, um die Infektion oder Entz\u00fcndung zu beseitigen. Eine Wurzelresektion kann bei Z\u00e4hnen mit komplexen Wurzelsystemen oder wiederholten Infektionen erforderlich sein. Das <strong>Ziel<\/strong> der Wurzelresektion ist es, den Zahn zu erhalten und die Ausbreitung der Infektion auf umliegende Strukturen zu verhindern. Das Verfahren umfasst einen Schnitt im Zahnfleisch, die Entfernung eines Teils des Knochens sowie die Behandlung der Wurzelspitze und des umliegenden Gewebes. Nach dem Eingriff ist es wichtig, die Anweisungen des Zahnarztes f\u00fcr die richtige Pflege und Genesung zu befolgen.<\/span><\/p>\n<h2><strong>Prozesse in der oralen Chirurgie<\/strong><\/h2>\n<h3><strong>Vorbereitung auf einen zahnchirurgischen Eingriff<\/strong><\/h3>\n<p><span style=\"font-weight: 300;\">Vor jedem chirurgischen Eingriff f\u00fchren wir <strong>gr\u00fcndliche Diagnosen<\/strong> durch, einschlie\u00dflich <strong>R\u00f6ntgenaufnahmen<\/strong> und gegebenenfalls einer <strong>CT-Untersuchung<\/strong>. Die Patienten erhalten detaillierte Anweisungen, wie sie sich auf die Operation vorbereiten sollen, einschlie\u00dflich Empfehlungen zur Ern\u00e4hrung und zu Medikamenten, die vor dem Eingriff eingenommen oder nicht eingenommen werden d\u00fcrfen.<\/span><\/p>\n<h3><strong>Ablauf eines zahnchirurgischen Eingriffs<\/strong><\/h3>\n<p><span style=\"font-weight: 300;\">Die Verfahren der oralen Chirurgie umfassen in der Regel eine <strong>\u00f6rtliche Bet\u00e4ubung<\/strong>, um einen schmerzfreien Eingriff zu gew\u00e4hrleisten. Der Chirurg kann Skalpelle, Bohrer und andere Instrumente verwenden, um die erforderlichen Eingriffe durchzuf\u00fchren. Nach dem chirurgischen Eingriff wird den Patienten in der Regel eine bestimmte <strong>Therapie f\u00fcr eine schnellere Genesung<\/strong> empfohlen, einschlie\u00dflich der Anwendung von Eis, der Einnahme von Medikamenten zur Schmerz- und Entz\u00fcndungskontrolle sowie einer speziellen Di\u00e4t in den ersten Tagen, meistens auch eine Antibiotikatherapie.<\/span><\/p>\n<h3><strong>Genesung und postoperative Pflege nach einem zahnchirurgischen Eingriff<\/strong><\/h3>\n<p><span style=\"font-weight: 300;\">Die Pflege nach der oralen Chirurgie <strong>h\u00e4ngt von der Art und Komplexit\u00e4t des Verfahrens<\/strong> ab, umfasst jedoch in der Regel die Wundpflege, die Verwendung verschriebener Medikamente, das Vermeiden von hei\u00dfem und sehr kaltem Essen und das Befolgen der Anweisungen des Oralchirurgen, um eine schnelle und schmerzfreie Genesung zu gew\u00e4hrleisten.<\/span><\/p>\n<p><span style=\"font-weight: 300;\">Es ist wichtig, sich mit einem Oralchirurgen zu beraten, um eine richtige Diagnose und einen Behandlungsplan zu erhalten, da jeder Patient einzigartige Bed\u00fcrfnisse und Bedingungen hat. <strong>Regelm\u00e4\u00dfige Kontrolluntersuchungen<\/strong> sind entscheidend, um den Fortschritt der Genesung zu \u00fcberwachen und eventuelle Komplikationen rechtzeitig zu erkennen.<\/span><\/p>\n<h2><strong>Vorteile der oralen Chirurgie<\/strong><\/h2>\n<p><span style=\"font-weight: 300;\">Die orale Chirurgie bietet dauerhafte L\u00f6sungen f\u00fcr viele Probleme, die mit herk\u00f6mmlichen Zahnbehandlungen nicht gel\u00f6st werden k\u00f6nnen. Neben der Verbesserung der Kau- und Sprechfunktionen tragen die Eingriffe auch zum \u00e4sthetischen Erscheinungsbild des L\u00e4chelns bei. Langfristig haben die Patienten weniger Zahnprobleme und eine bessere allgemeine Lebensqualit\u00e4t.<\/span><\/p>\n<h2><strong>Kontaktieren Sie uns f\u00fcr weitere Informationen<\/strong><\/h2>\n<p><span style=\"font-weight: 300;\">Wenn Sie \u00fcber einen oralchirurgischen Eingriff nachdenken oder Fragen haben, z\u00f6gern Sie nicht, unsere Klinik zu kontaktieren. Unsere Experten sind hier, um alle Ihre Fragen zu beantworten und Ihnen zu helfen, die beste Entscheidung f\u00fcr Ihre Gesundheit und Ihr Wohlbefinden zu treffen. Sie k\u00f6nnen uns telefonisch erreichen unter <a href=\"tel:+385%2095 591 8040\"><strong><span style=\"text-decoration: underline;\"><span style=\"color: #ffffff; text-decoration: underline;\">+385 95 591 8040<\/span><\/span><\/strong>,<\/a> per E-Mail &#8211; <strong><span style=\"text-decoration: underline;\"><span style=\"color: #ffffff; text-decoration: underline;\"><a style=\"color: #ffffff; text-decoration: underline;\" href=\"mailto:info@dentelin.eu\">info@dentelin.eu<\/a><\/span><\/span><\/strong> oder durch das Senden einer <strong><a href=\"https:\/\/dentelin.eu\/kontakt\/\"><span style=\"color: #ffffff;\"><span style=\"text-decoration: underline;\">Online-Anfrage<\/span><\/span><\/a><\/strong>.<\/span>[\/et_pb_text][et_pb_image src=&#8220;https:\/\/dentelin.eu\/wp-content\/uploads\/2023\/09\/o_kirurgija.jpg&#8220; title_text=&#8220;o_kirurgija&#8220; align=&#8220;center&#8220; _builder_version=&#8220;4.19.5&#8243; _module_preset=&#8220;default&#8220; global_colors_info=&#8220;{}&#8220;][\/et_pb_image][\/et_pb_column][\/et_pb_row][\/et_pb_section]<\/p>\n","protected":false},"excerpt":{"rendered":"<p>Die orale Chirurgie umfasst ein breites Spektrum an Eingriffen, die Ihre Mundgesundheit und die Funktion Ihres Mundes erheblich verbessern k\u00f6nnen. Die Eingriffe reichen von relativ einfachen Verfahren wie Zahnextraktionen bis hin zu komplexeren Operationen wie Kieferrekonstruktionen und Implantationen. Unser Expertenteam verwendet die neuesten Techniken und Ger\u00e4te, um die Sicherheit und Effektivit\u00e4t jedes Eingriffs zu gew\u00e4hrleisten. [&hellip;]<\/p>\n","protected":false},"author":1,"featured_media":0,"parent":0,"menu_order":0,"comment_status":"closed","ping_status":"closed","template":"","meta":{"_et_pb_use_builder":"on","_et_pb_old_content":"","_et_gb_content_width":"","footnotes":""},"yoast_head":"<!-- This site is optimized with the Yoast SEO plugin v23.0 - https:\/\/yoast.com\/wordpress\/plugins\/seo\/ -->\n<title>Oralchirurgie - Zahnextraktionen, Implantate und mehr<\/title>\n<meta name=\"description\" content=\"Dentelin bietet professionelle Oralchirurgie f\u00fcr Zahnextraktionen, Implantate und mehr. Verbessern Sie Ihre Mundgesundheit mit unseren Experten.\" \/>\n<meta name=\"robots\" content=\"index, follow, max-snippet:-1, max-image-preview:large, max-video-preview:-1\" \/>\n<link rel=\"canonical\" href=\"https:\/\/dentelin.eu\/de\/oralchirurgie\/\" \/>\n<meta property=\"og:locale\" content=\"de_DE\" \/>\n<meta property=\"og:type\" content=\"article\" \/>\n<meta property=\"og:title\" content=\"Oralchirurgie - Zahnextraktionen, Implantate und mehr\" \/>\n<meta property=\"og:description\" content=\"Dentelin bietet professionelle Oralchirurgie f\u00fcr Zahnextraktionen, Implantate und mehr. Verbessern Sie Ihre Mundgesundheit mit unseren Experten.\" \/>\n<meta property=\"og:url\" content=\"https:\/\/dentelin.eu\/de\/oralchirurgie\/\" \/>\n<meta property=\"og:site_name\" content=\"Dentelin Coop stomatolo\u0161ka ordinacija u Rovinju\" \/>\n<meta property=\"article:modified_time\" content=\"2024-10-21T08:34:41+00:00\" \/>\n<meta name=\"twitter:card\" content=\"summary_large_image\" \/>\n<meta name=\"twitter:label1\" content=\"Gesch\u00e4tzte Lesezeit\" \/>\n\t<meta name=\"twitter:data1\" content=\"5\u00a0Minuten\" \/>\n<script type=\"application\/ld+json\" class=\"yoast-schema-graph\">{\"@context\":\"https:\/\/schema.org\",\"@graph\":[{\"@type\":\"WebPage\",\"@id\":\"https:\/\/dentelin.eu\/de\/oralchirurgie\/\",\"url\":\"https:\/\/dentelin.eu\/de\/oralchirurgie\/\",\"name\":\"Oralchirurgie - Zahnextraktionen, Implantate und mehr\",\"isPartOf\":{\"@id\":\"https:\/\/dentelin.eu\/de\/#website\"},\"datePublished\":\"2023-12-29T07:27:10+00:00\",\"dateModified\":\"2024-10-21T08:34:41+00:00\",\"description\":\"Dentelin bietet professionelle Oralchirurgie f\u00fcr Zahnextraktionen, Implantate und mehr. Verbessern Sie Ihre Mundgesundheit mit unseren Experten.\",\"breadcrumb\":{\"@id\":\"https:\/\/dentelin.eu\/de\/oralchirurgie\/#breadcrumb\"},\"inLanguage\":\"de\",\"potentialAction\":[{\"@type\":\"ReadAction\",\"target\":[\"https:\/\/dentelin.eu\/de\/oralchirurgie\/\"]}]},{\"@type\":\"BreadcrumbList\",\"@id\":\"https:\/\/dentelin.eu\/de\/oralchirurgie\/#breadcrumb\",\"itemListElement\":[{\"@type\":\"ListItem\",\"position\":1,\"name\":\"Po\u010detna stranica\",\"item\":\"https:\/\/dentelin.eu\/de\/\"},{\"@type\":\"ListItem\",\"position\":2,\"name\":\"Oralchirurgie\"}]},{\"@type\":\"WebSite\",\"@id\":\"https:\/\/dentelin.eu\/de\/#website\",\"url\":\"https:\/\/dentelin.eu\/de\/\",\"name\":\"Dentelin Coop stomatolo\u0161ka ordinacija u Rovinju\",\"description\":\"\",\"potentialAction\":[{\"@type\":\"SearchAction\",\"target\":{\"@type\":\"EntryPoint\",\"urlTemplate\":\"https:\/\/dentelin.eu\/de\/?s={search_term_string}\"},\"query-input\":\"required name=search_term_string\"}],\"inLanguage\":\"de\"}]}<\/script>\n<!-- \/ Yoast SEO plugin. -->","yoast_head_json":{"title":"Oralchirurgie - Zahnextraktionen, Implantate und mehr","description":"Dentelin bietet professionelle Oralchirurgie f\u00fcr Zahnextraktionen, Implantate und mehr. Verbessern Sie Ihre Mundgesundheit mit unseren Experten.","robots":{"index":"index","follow":"follow","max-snippet":"max-snippet:-1","max-image-preview":"max-image-preview:large","max-video-preview":"max-video-preview:-1"},"canonical":"https:\/\/dentelin.eu\/de\/oralchirurgie\/","og_locale":"de_DE","og_type":"article","og_title":"Oralchirurgie - Zahnextraktionen, Implantate und mehr","og_description":"Dentelin bietet professionelle Oralchirurgie f\u00fcr Zahnextraktionen, Implantate und mehr. Verbessern Sie Ihre Mundgesundheit mit unseren Experten.","og_url":"https:\/\/dentelin.eu\/de\/oralchirurgie\/","og_site_name":"Dentelin Coop stomatolo\u0161ka ordinacija u Rovinju","article_modified_time":"2024-10-21T08:34:41+00:00","twitter_card":"summary_large_image","twitter_misc":{"Gesch\u00e4tzte Lesezeit":"5\u00a0Minuten"},"schema":{"@context":"https:\/\/schema.org","@graph":[{"@type":"WebPage","@id":"https:\/\/dentelin.eu\/de\/oralchirurgie\/","url":"https:\/\/dentelin.eu\/de\/oralchirurgie\/","name":"Oralchirurgie - Zahnextraktionen, Implantate und mehr","isPartOf":{"@id":"https:\/\/dentelin.eu\/de\/#website"},"datePublished":"2023-12-29T07:27:10+00:00","dateModified":"2024-10-21T08:34:41+00:00","description":"Dentelin bietet professionelle Oralchirurgie f\u00fcr Zahnextraktionen, Implantate und mehr. Verbessern Sie Ihre Mundgesundheit mit unseren Experten.","breadcrumb":{"@id":"https:\/\/dentelin.eu\/de\/oralchirurgie\/#breadcrumb"},"inLanguage":"de","potentialAction":[{"@type":"ReadAction","target":["https:\/\/dentelin.eu\/de\/oralchirurgie\/"]}]},{"@type":"BreadcrumbList","@id":"https:\/\/dentelin.eu\/de\/oralchirurgie\/#breadcrumb","itemListElement":[{"@type":"ListItem","position":1,"name":"Po\u010detna stranica","item":"https:\/\/dentelin.eu\/de\/"},{"@type":"ListItem","position":2,"name":"Oralchirurgie"}]},{"@type":"WebSite","@id":"https:\/\/dentelin.eu\/de\/#website","url":"https:\/\/dentelin.eu\/de\/","name":"Dentelin Coop stomatolo\u0161ka ordinacija u Rovinju","description":"","potentialAction":[{"@type":"SearchAction","target":{"@type":"EntryPoint","urlTemplate":"https:\/\/dentelin.eu\/de\/?s={search_term_string}"},"query-input":"required name=search_term_string"}],"inLanguage":"de"}]}},"_links":{"self":[{"href":"https:\/\/dentelin.eu\/de\/wp-json\/wp\/v2\/pages\/30773"}],"collection":[{"href":"https:\/\/dentelin.eu\/de\/wp-json\/wp\/v2\/pages"}],"about":[{"href":"https:\/\/dentelin.eu\/de\/wp-json\/wp\/v2\/types\/page"}],"author":[{"embeddable":true,"href":"https:\/\/dentelin.eu\/de\/wp-json\/wp\/v2\/users\/1"}],"replies":[{"embeddable":true,"href":"https:\/\/dentelin.eu\/de\/wp-json\/wp\/v2\/comments?post=30773"}],"version-history":[{"count":5,"href":"https:\/\/dentelin.eu\/de\/wp-json\/wp\/v2\/pages\/30773\/revisions"}],"predecessor-version":[{"id":33071,"href":"https:\/\/dentelin.eu\/de\/wp-json\/wp\/v2\/pages\/30773\/revisions\/33071"}],"wp:attachment":[{"href":"https:\/\/dentelin.eu\/de\/wp-json\/wp\/v2\/media?parent=30773"}],"curies":[{"name":"wp","href":"https:\/\/api.w.org\/{rel}","templated":true}]}}