{"id":30828,"date":"2023-09-26T05:19:44","date_gmt":"2023-09-26T04:19:44","guid":{"rendered":"https:\/\/dentelin.eu\/cjenik\/"},"modified":"2024-10-21T08:32:07","modified_gmt":"2024-10-21T07:32:07","slug":"preise","status":"publish","type":"page","link":"https:\/\/dentelin.eu\/de\/preise\/","title":{"rendered":"Preise"},"content":{"rendered":"<p>[et_pb_section fb_built=&#8220;1&#8243; module_class=&#8220;wk-usluga&#8220; _builder_version=&#8220;4.19.5&#8243; _module_preset=&#8220;default&#8220; background_image=&#8220;https:\/\/dentelin.eu\/wp-content\/uploads\/2023\/03\/dentelin-usluge.jpg&#8220; global_colors_info=&#8220;{}&#8220;][et_pb_row _builder_version=&#8220;4.19.5&#8243; _module_preset=&#8220;default&#8220; max_width=&#8220;80%&#8220; saved_tabs=&#8220;all&#8220; global_colors_info=&#8220;{}&#8220;][et_pb_column type=&#8220;4_4&#8243; _builder_version=&#8220;4.19.5&#8243; _module_preset=&#8220;default&#8220; global_colors_info=&#8220;{}&#8220;][et_pb_post_title meta=&#8220;off&#8220; featured_image=&#8220;off&#8220; _builder_version=&#8220;4.19.5&#8243; _module_preset=&#8220;default&#8220; title_text_color=&#8220;#FFFFFF&#8220; title_font_size=&#8220;40px&#8220; title_line_height=&#8220;1.5em&#8220; title_font_size_tablet=&#8220;&#8220; title_font_size_phone=&#8220;30px&#8220; title_font_size_last_edited=&#8220;on|phone&#8220; global_colors_info=&#8220;{}&#8220;][\/et_pb_post_title][\/et_pb_column][\/et_pb_row][\/et_pb_section][et_pb_section fb_built=&#8220;1&#8243; _builder_version=&#8220;4.19.5&#8243; _module_preset=&#8220;default&#8220; background_color=&#8220;#00060f&#8220; background_image=&#8220;https:\/\/dentelin.eu\/wp-content\/uploads\/2023\/03\/usluge.jpg&#8220; parallax=&#8220;on&#8220; custom_padding=&#8220;0px||||false|false&#8220; global_colors_info=&#8220;{}&#8220;][et_pb_row make_equal=&#8220;on&#8220; _builder_version=&#8220;4.19.5&#8243; _module_preset=&#8220;default&#8220; background_color=&#8220;#242834&#8243; max_width=&#8220;80%&#8220; custom_margin=&#8220;0px|auto||auto|false|false&#8220; custom_padding=&#8220;3%|3%|3%|3%|true|true&#8220; border_width_bottom=&#8220;1px&#8220; global_colors_info=&#8220;{}&#8220;][et_pb_column type=&#8220;4_4&#8243; _builder_version=&#8220;4.19.5&#8243; _module_preset=&#8220;default&#8220; global_colors_info=&#8220;{}&#8220;][et_pb_image src=&#8220;https:\/\/dentelin.eu\/wp-content\/uploads\/2023\/09\/dentelin-cjenik.jpg&#8220; title_text=&#8220;dentelin-cjenik&#8220; _builder_version=&#8220;4.19.5&#8243; _module_preset=&#8220;default&#8220; global_colors_info=&#8220;{}&#8220;][\/et_pb_image][et_pb_text _builder_version=&#8220;4.23.1&#8243; _module_preset=&#8220;default&#8220; text_text_color=&#8220;#FFFFFF&#8220; link_font=&#8220;||||on||||&#8220; link_text_color=&#8220;#FFFFFF&#8220; header_3_text_color=&#8220;#bada55&#8243; header_3_line_height=&#8220;1.7em&#8220; global_colors_info=&#8220;{}&#8220;]<\/p>\n<p><span style=\"font-weight: 400;\">Hier finden Sie Informationen zur individuellen Zahlung f\u00fcr Dienstleistungen in unserer Zahnarztpraxis Dentelin:<\/span><\/p>\n<p><span style=\"font-weight: 400;\">Erste Untersuchung und Beratung Kostenlos Wenn sich der Patient gegen eine Behandlung entscheidet, fallen nur die Kosten f\u00fcr das Orthopan-R\u00f6ntgen in H\u00f6he von 30\u20ac an, das der Patient mitnehmen kann. Weitere Informationen Die Preise variieren je nach Art und Komplexit\u00e4t der Dienstleistung. F\u00fcr genaue Preisinformationen kontaktieren Sie uns bitte \u00fcber eine der angegebenen Kontaktoptionen: telefonisch, per E-Mail oder direkt an der Adresse Carera 22A, 52210 Rovinj. Die Rechnung muss sp\u00e4testens bei Abholung der Zahnersatzarbeiten vollst\u00e4ndig beglichen werden, da die Praxis nicht verpflichtet ist, diese herauszugeben, solange die Zahlung nicht erfolgt ist. Zahlungsm\u00f6glichkeiten:<\/span><\/p>\n<p><span style=\"font-weight: 400;\">Bargeld PBZ Visa Karte \u00dcberweisung auf das Firmenkonto Kontaktinformationen:<\/span><\/p>\n<p><span style=\"font-weight: 400;\">Telefon: 052\/812 300, Handy: 095\/591 8040 E-Mail: <\/span><a href=\"mailto:info@dentelin.eu\"><span style=\"font-weight: 400;\">info@dentelin.eu<\/span><\/a><span style=\"font-weight: 400;\"> Zus\u00e4tzliche Informationen:<\/span><\/p>\n<p><span style=\"font-weight: 400;\">Unsere Praxis bietet akzeptable Preise f\u00fcr unsere Dienstleistungen. Wir bieten jedem Patienten einen individuellen Ansatz. Unser Team ist freundlich und steht Ihnen f\u00fcr alle Ihre Bed\u00fcrfnisse zur Verf\u00fcgung. F\u00fcr weitere Details zu den Preisen und zus\u00e4tzlichen Informationen zu unseren Dienstleistungen kontaktieren Sie uns gerne telefonisch oder per E-Mail. Wir freuen uns, Ihnen erstklassige zahn\u00e4rztliche Betreuung bieten zu k\u00f6nnen.<\/span><\/p>\n<p><span style=\"font-weight: 400;\">Ihr Dentelin<\/span><\/p>\n<p><span style=\"font-weight: 400;\">Unsere Mission\u00a0<\/span><\/p>\n<p><span style=\"font-weight: 400;\">\u00a0Unsere Vision ist es, jedem Patienten eine angemessene und sichere Therapie zu erm\u00f6glichen. Durch kontinuierliche Weiterentwicklung und Investitionen in Innovationen k\u00f6nnen wir stolz sagen, dass wir Pioniere im individualisierten Ansatz sind, der den Schwerpunkt auf technologischen L\u00f6sungen f\u00fcr jedes Problem legt. Mit kontinuierlichen Ideen und Innovationen k\u00f6nnen wir mit Sicherheit sagen, dass wir in Zukunft noch mehr bieten werden.<\/span><\/p>\n<p><span style=\"font-weight: 400;\">Unsere Werte\u00a0<\/span><\/p>\n<p><span style=\"font-weight: 400;\">Zugang<\/span><\/p>\n<p><span style=\"font-weight: 400;\">\u00a0Unsere Patienten werden zusammen mit unseren Teamkollegen Teil der Dentelin-Familie.<\/span><\/p>\n<p><span style=\"font-weight: 400;\">Unterst\u00fctzung<\/span><\/p>\n<p><span style=\"font-weight: 400;\">\u00a0Obwohl der technologische Fortschritt die Arbeit erheblich erleichtert, wird der menschliche Ansatz in unserer Umgebung besonders gesch\u00e4tzt und gef\u00f6rdert.<\/span><\/p>\n<p><span style=\"font-weight: 400;\">Verf\u00fcgbarkeit\u00a0<\/span><\/p>\n<p><span style=\"font-weight: 400;\">Wir sind unseren Patienten sowohl w\u00e4hrend als auch nach der Therapie zur Verf\u00fcgung. Eine gute Beziehung zum Patienten endet nicht am Ende der Therapie. Wir sind f\u00fcr Sie da.<\/span><\/p>\n<p>&nbsp;<\/p>\n<p>[\/et_pb_text][\/et_pb_column][\/et_pb_row][\/et_pb_section]<\/p>\n","protected":false},"excerpt":{"rendered":"<p>Hier finden Sie Informationen zur individuellen Zahlung f\u00fcr Dienstleistungen in unserer Zahnarztpraxis Dentelin: Erste Untersuchung und Beratung Kostenlos Wenn sich der Patient gegen eine Behandlung entscheidet, fallen nur die Kosten f\u00fcr das Orthopan-R\u00f6ntgen in H\u00f6he von 30\u20ac an, das der Patient mitnehmen kann. Weitere Informationen Die Preise variieren je nach Art und Komplexit\u00e4t der Dienstleistung. [&hellip;]<\/p>\n","protected":false},"author":1,"featured_media":0,"parent":0,"menu_order":0,"comment_status":"closed","ping_status":"closed","template":"","meta":{"_et_pb_use_builder":"on","_et_pb_old_content":"","_et_gb_content_width":"","footnotes":""},"yoast_head":"<!-- This site is optimized with the Yoast SEO plugin v23.0 - https:\/\/yoast.com\/wordpress\/plugins\/seo\/ -->\n<title>Preisliste f\u00fcr zahn\u00e4rztliche Dienstleistungen und Eingriffe<\/title>\n<meta name=\"description\" content=\"Flexible Zahlungsm\u00f6glichkeiten und transparente Preise f\u00fcr hochwertige zahn\u00e4rztliche Versorgung bei Dentelin. Kontaktieren Sie uns f\u00fcr mehr Details.\" \/>\n<meta name=\"robots\" content=\"index, follow, max-snippet:-1, max-image-preview:large, max-video-preview:-1\" \/>\n<link rel=\"canonical\" href=\"https:\/\/dentelin.eu\/de\/preise\/\" \/>\n<meta property=\"og:locale\" content=\"de_DE\" \/>\n<meta property=\"og:type\" content=\"article\" \/>\n<meta property=\"og:title\" content=\"Preisliste f\u00fcr zahn\u00e4rztliche Dienstleistungen und Eingriffe\" \/>\n<meta property=\"og:description\" content=\"Flexible Zahlungsm\u00f6glichkeiten und transparente Preise f\u00fcr hochwertige zahn\u00e4rztliche Versorgung bei Dentelin. Kontaktieren Sie uns f\u00fcr mehr Details.\" \/>\n<meta property=\"og:url\" content=\"https:\/\/dentelin.eu\/de\/preise\/\" \/>\n<meta property=\"og:site_name\" content=\"Dentelin Coop stomatolo\u0161ka ordinacija u Rovinju\" \/>\n<meta property=\"article:modified_time\" content=\"2024-10-21T07:32:07+00:00\" \/>\n<meta name=\"twitter:card\" content=\"summary_large_image\" \/>\n<meta name=\"twitter:label1\" content=\"Gesch\u00e4tzte Lesezeit\" \/>\n\t<meta name=\"twitter:data1\" content=\"2\u00a0Minuten\" \/>\n<script type=\"application\/ld+json\" class=\"yoast-schema-graph\">{\"@context\":\"https:\/\/schema.org\",\"@graph\":[{\"@type\":\"WebPage\",\"@id\":\"https:\/\/dentelin.eu\/de\/preise\/\",\"url\":\"https:\/\/dentelin.eu\/de\/preise\/\",\"name\":\"Preisliste f\u00fcr zahn\u00e4rztliche Dienstleistungen und Eingriffe\",\"isPartOf\":{\"@id\":\"https:\/\/dentelin.eu\/de\/#website\"},\"datePublished\":\"2023-09-26T04:19:44+00:00\",\"dateModified\":\"2024-10-21T07:32:07+00:00\",\"description\":\"Flexible Zahlungsm\u00f6glichkeiten und transparente Preise f\u00fcr hochwertige zahn\u00e4rztliche Versorgung bei Dentelin. Kontaktieren Sie uns f\u00fcr mehr Details.\",\"breadcrumb\":{\"@id\":\"https:\/\/dentelin.eu\/de\/preise\/#breadcrumb\"},\"inLanguage\":\"de\",\"potentialAction\":[{\"@type\":\"ReadAction\",\"target\":[\"https:\/\/dentelin.eu\/de\/preise\/\"]}]},{\"@type\":\"BreadcrumbList\",\"@id\":\"https:\/\/dentelin.eu\/de\/preise\/#breadcrumb\",\"itemListElement\":[{\"@type\":\"ListItem\",\"position\":1,\"name\":\"Po\u010detna stranica\",\"item\":\"https:\/\/dentelin.eu\/de\/\"},{\"@type\":\"ListItem\",\"position\":2,\"name\":\"Preise\"}]},{\"@type\":\"WebSite\",\"@id\":\"https:\/\/dentelin.eu\/de\/#website\",\"url\":\"https:\/\/dentelin.eu\/de\/\",\"name\":\"Dentelin Coop stomatolo\u0161ka ordinacija u Rovinju\",\"description\":\"\",\"potentialAction\":[{\"@type\":\"SearchAction\",\"target\":{\"@type\":\"EntryPoint\",\"urlTemplate\":\"https:\/\/dentelin.eu\/de\/?s={search_term_string}\"},\"query-input\":\"required name=search_term_string\"}],\"inLanguage\":\"de\"}]}<\/script>\n<!-- \/ Yoast SEO plugin. -->","yoast_head_json":{"title":"Preisliste f\u00fcr zahn\u00e4rztliche Dienstleistungen und Eingriffe","description":"Flexible Zahlungsm\u00f6glichkeiten und transparente Preise f\u00fcr hochwertige zahn\u00e4rztliche Versorgung bei Dentelin. Kontaktieren Sie uns f\u00fcr mehr Details.","robots":{"index":"index","follow":"follow","max-snippet":"max-snippet:-1","max-image-preview":"max-image-preview:large","max-video-preview":"max-video-preview:-1"},"canonical":"https:\/\/dentelin.eu\/de\/preise\/","og_locale":"de_DE","og_type":"article","og_title":"Preisliste f\u00fcr zahn\u00e4rztliche Dienstleistungen und Eingriffe","og_description":"Flexible Zahlungsm\u00f6glichkeiten und transparente Preise f\u00fcr hochwertige zahn\u00e4rztliche Versorgung bei Dentelin. Kontaktieren Sie uns f\u00fcr mehr Details.","og_url":"https:\/\/dentelin.eu\/de\/preise\/","og_site_name":"Dentelin Coop stomatolo\u0161ka ordinacija u Rovinju","article_modified_time":"2024-10-21T07:32:07+00:00","twitter_card":"summary_large_image","twitter_misc":{"Gesch\u00e4tzte Lesezeit":"2\u00a0Minuten"},"schema":{"@context":"https:\/\/schema.org","@graph":[{"@type":"WebPage","@id":"https:\/\/dentelin.eu\/de\/preise\/","url":"https:\/\/dentelin.eu\/de\/preise\/","name":"Preisliste f\u00fcr zahn\u00e4rztliche Dienstleistungen und Eingriffe","isPartOf":{"@id":"https:\/\/dentelin.eu\/de\/#website"},"datePublished":"2023-09-26T04:19:44+00:00","dateModified":"2024-10-21T07:32:07+00:00","description":"Flexible Zahlungsm\u00f6glichkeiten und transparente Preise f\u00fcr hochwertige zahn\u00e4rztliche Versorgung bei Dentelin. Kontaktieren Sie uns f\u00fcr mehr Details.","breadcrumb":{"@id":"https:\/\/dentelin.eu\/de\/preise\/#breadcrumb"},"inLanguage":"de","potentialAction":[{"@type":"ReadAction","target":["https:\/\/dentelin.eu\/de\/preise\/"]}]},{"@type":"BreadcrumbList","@id":"https:\/\/dentelin.eu\/de\/preise\/#breadcrumb","itemListElement":[{"@type":"ListItem","position":1,"name":"Po\u010detna stranica","item":"https:\/\/dentelin.eu\/de\/"},{"@type":"ListItem","position":2,"name":"Preise"}]},{"@type":"WebSite","@id":"https:\/\/dentelin.eu\/de\/#website","url":"https:\/\/dentelin.eu\/de\/","name":"Dentelin Coop stomatolo\u0161ka ordinacija u Rovinju","description":"","potentialAction":[{"@type":"SearchAction","target":{"@type":"EntryPoint","urlTemplate":"https:\/\/dentelin.eu\/de\/?s={search_term_string}"},"query-input":"required name=search_term_string"}],"inLanguage":"de"}]}},"_links":{"self":[{"href":"https:\/\/dentelin.eu\/de\/wp-json\/wp\/v2\/pages\/30828"}],"collection":[{"href":"https:\/\/dentelin.eu\/de\/wp-json\/wp\/v2\/pages"}],"about":[{"href":"https:\/\/dentelin.eu\/de\/wp-json\/wp\/v2\/types\/page"}],"author":[{"embeddable":true,"href":"https:\/\/dentelin.eu\/de\/wp-json\/wp\/v2\/users\/1"}],"replies":[{"embeddable":true,"href":"https:\/\/dentelin.eu\/de\/wp-json\/wp\/v2\/comments?post=30828"}],"version-history":[{"count":4,"href":"https:\/\/dentelin.eu\/de\/wp-json\/wp\/v2\/pages\/30828\/revisions"}],"predecessor-version":[{"id":32473,"href":"https:\/\/dentelin.eu\/de\/wp-json\/wp\/v2\/pages\/30828\/revisions\/32473"}],"wp:attachment":[{"href":"https:\/\/dentelin.eu\/de\/wp-json\/wp\/v2\/media?parent=30828"}],"curies":[{"name":"wp","href":"https:\/\/api.w.org\/{rel}","templated":true}]}}