{"id":29752,"date":"2023-03-20T18:40:26","date_gmt":"2023-03-20T17:40:26","guid":{"rendered":"https:\/\/dentelin.tempurl.host\/?page_id=29752"},"modified":"2023-11-07T12:12:10","modified_gmt":"2023-11-07T11:12:10","slug":"about-us","status":"publish","type":"page","link":"https:\/\/dentelin.eu\/en\/about-us\/","title":{"rendered":"About Us"},"content":{"rendered":"<p>[et_pb_section fb_built=&#8221;1&#8243; _builder_version=&#8221;4.19.5&#8243; _module_preset=&#8221;default&#8221; background_image=&#8221;https:\/\/dentelin.eu\/wp-content\/uploads\/2023\/03\/dentelin-header.jpg&#8221; global_colors_info=&#8221;{}&#8221;][et_pb_row _builder_version=&#8221;4.19.5&#8243; _module_preset=&#8221;default&#8221; max_width=&#8221;80%&#8221; global_colors_info=&#8221;{}&#8221;][et_pb_column type=&#8221;4_4&#8243; _builder_version=&#8221;4.19.5&#8243; _module_preset=&#8221;default&#8221; global_colors_info=&#8221;{}&#8221;][et_pb_text _builder_version=&#8221;4.19.5&#8243; _module_preset=&#8221;default&#8221; header_text_color=&#8221;#FFFFFF&#8221; header_font_size=&#8221;40px&#8221; global_colors_info=&#8221;{}&#8221;]<\/p>\n<h1>Dentelin Dental Training Center<\/h1>\n<p>[\/et_pb_text][\/et_pb_column][\/et_pb_row][\/et_pb_section][et_pb_section fb_built=&#8221;1&#8243; _builder_version=&#8221;4.19.5&#8243; _module_preset=&#8221;default&#8221; background_color=&#8221;#00060f&#8221; custom_padding=&#8221;0px||||false|false&#8221; global_colors_info=&#8221;{}&#8221;][et_pb_row column_structure=&#8221;1_2,1_2&#8243; make_equal=&#8221;on&#8221; _builder_version=&#8221;4.19.5&#8243; _module_preset=&#8221;default&#8221; background_color=&#8221;#242834&#8243; max_width=&#8221;80%&#8221; custom_margin=&#8221;0px|auto||auto|false|false&#8221; custom_padding=&#8221;3%|3%|3%|3%|true|true&#8221; border_width_bottom=&#8221;1px&#8221; global_colors_info=&#8221;{}&#8221;][et_pb_column type=&#8221;1_2&#8243; _builder_version=&#8221;4.19.5&#8243; _module_preset=&#8221;default&#8221; global_colors_info=&#8221;{}&#8221;][et_pb_text _builder_version=&#8221;4.19.5&#8243; _module_preset=&#8221;default&#8221; text_text_color=&#8221;#FFFFFF&#8221; text_font_size=&#8221;20px&#8221; header_3_text_color=&#8221;#FFFFFF&#8221; header_3_font_size=&#8221;30px&#8221; header_3_line_height=&#8221;2.3em&#8221; custom_margin=&#8221;|||20px|false|false&#8221; custom_padding=&#8221;|||25px|false|false&#8221; border_radii=&#8221;on|6px|6px|6px|6px&#8221; border_width_left=&#8221;10px&#8221; border_color_left=&#8221;#3a6afd&#8221; global_colors_info=&#8221;{}&#8221;]<\/p>\n<h3>Dentelin<\/h3>\n<p><span style=\"font-weight: 400;\">Our dental center is recognized by our dear patients and dental partners, which makes us very grateful and proud. We\u2019ve been serving our patients for 30 years. As certified center for oral implantology, Dentelin is under the guidance and extensive experience of Dr. Danijela Komljenovi\u0107 Blitva, specialist in oral surgery\/ Therefore, success in solving even the most complex situations is followed by success and happy patients.<\/span><\/p>\n<p>[\/et_pb_text][\/et_pb_column][et_pb_column type=&#8221;1_2&#8243; _builder_version=&#8221;4.19.5&#8243; _module_preset=&#8221;default&#8221; global_colors_info=&#8221;{}&#8221;][et_pb_text _builder_version=&#8221;4.19.5&#8243; _module_preset=&#8221;default&#8221; text_text_color=&#8221;#FFFFFF&#8221; text_font_size=&#8221;20px&#8221; header_3_text_color=&#8221;#FFFFFF&#8221; header_3_font_size=&#8221;30px&#8221; header_3_line_height=&#8221;2.3em&#8221; custom_margin=&#8221;|||20px|false|false&#8221; custom_padding=&#8221;|||25px|false|false&#8221; border_radii=&#8221;on|6px|6px|6px|6px&#8221; border_width_left=&#8221;10px&#8221; border_color_left=&#8221;#3a6afd&#8221; global_colors_info=&#8221;{}&#8221;]<\/p>\n<h3>Dentelin<\/h3>\n<p><span style=\"font-weight: 400;\">All necessary dental examinations and procedures can be performed in our Dentelin dental center. Besides that, our dental center cooperates with the most modern dental laboratories in the Republic of Croatia and with EU based laboratories. Technological progress has allowed us to find the faster, affordable, and safer solution for our patients.<\/span><\/p>\n<p>[\/et_pb_text][\/et_pb_column][\/et_pb_row][et_pb_row column_structure=&#8221;1_2,1_2&#8243; make_equal=&#8221;on&#8221; _builder_version=&#8221;4.19.5&#8243; _module_preset=&#8221;default&#8221; background_color=&#8221;#242834&#8243; max_width=&#8221;80%&#8221; custom_margin=&#8221;0px|auto||auto|false|false&#8221; custom_padding=&#8221;3%|3%|3%|3%|true|true&#8221; global_colors_info=&#8221;{}&#8221;][et_pb_column type=&#8221;1_2&#8243; _builder_version=&#8221;4.19.5&#8243; _module_preset=&#8221;default&#8221; global_colors_info=&#8221;{}&#8221;][et_pb_text _builder_version=&#8221;4.19.5&#8243; _module_preset=&#8221;default&#8221; text_text_color=&#8221;#FFFFFF&#8221; text_font_size=&#8221;20px&#8221; header_3_text_color=&#8221;#FFFFFF&#8221; header_3_font_size=&#8221;30px&#8221; header_3_line_height=&#8221;2.3em&#8221; custom_margin=&#8221;|||20px|false|false&#8221; custom_padding=&#8221;|||25px|false|false&#8221; border_radii=&#8221;on|6px|6px|6px|6px&#8221; border_width_left=&#8221;10px&#8221; border_color_left=&#8221;#3a6afd&#8221; global_colors_info=&#8221;{}&#8221;]<\/p>\n<h3>Patients about us<\/h3>\n<p>&#8221;Before visiting Dentelin Coop, I had a bad experience with dentists. After getting to know the office team, I felt a sense of security, which they certainly justified with my final work. I can say that I am very satisfied with the result final and now after so many years I can smile. My recommendation.&#8217;<br \/>Larisa Mojnovi\u0107<\/p>\n<p>[\/et_pb_text][\/et_pb_column][et_pb_column type=&#8221;1_2&#8243; _builder_version=&#8221;4.19.5&#8243; _module_preset=&#8221;default&#8221; global_colors_info=&#8221;{}&#8221;][et_pb_text _builder_version=&#8221;4.19.5&#8243; _module_preset=&#8221;default&#8221; text_text_color=&#8221;#FFFFFF&#8221; text_font_size=&#8221;20px&#8221; header_3_text_color=&#8221;#FFFFFF&#8221; header_3_font_size=&#8221;30px&#8221; header_3_line_height=&#8221;2.3em&#8221; custom_margin=&#8221;|||20px|false|false&#8221; custom_padding=&#8221;|||25px|false|false&#8221; border_radii=&#8221;on|6px|6px|6px|6px&#8221; border_width_left=&#8221;10px&#8221; border_color_left=&#8221;#3a6afd&#8221; global_colors_info=&#8221;{}&#8221;]<\/p>\n<h3>Patients about us<\/h3>\n<p>&#8221;I visited the Dentelin Coop dental office while on vacation in Rovinj. I am very satisfied with the service received and the work done. I would recommend the Dentelin office to everyone. I will definitely come back.&#8217;<br \/>Gabriela Matrica<\/p>\n<p>[\/et_pb_text][\/et_pb_column][\/et_pb_row][\/et_pb_section][et_pb_section fb_built=&#8221;1&#8243; _builder_version=&#8221;4.19.5&#8243; _module_preset=&#8221;default&#8221; use_background_color_gradient=&#8221;on&#8221; background_color_gradient_stops=&#8221;rgba(0,0,0,0.24) 2%|rgba(0,0,0,0.14) 99%&#8221; background_color_gradient_overlays_image=&#8221;on&#8221; background_image=&#8221;https:\/\/dentelin.eu\/wp-content\/uploads\/2023\/03\/dentelin-o-nama2.jpg&#8221; parallax=&#8221;on&#8221; global_colors_info=&#8221;{}&#8221;][et_pb_row _builder_version=&#8221;4.19.5&#8243; _module_preset=&#8221;default&#8221; global_colors_info=&#8221;{}&#8221;][et_pb_column type=&#8221;4_4&#8243; _builder_version=&#8221;4.19.5&#8243; _module_preset=&#8221;default&#8221; global_colors_info=&#8221;{}&#8221;][et_pb_text _builder_version=&#8221;4.19.5&#8243; _module_preset=&#8221;default&#8221; header_2_font=&#8221;|300|||||||&#8221; header_2_text_align=&#8221;center&#8221; header_2_text_color=&#8221;#FFFFFF&#8221; header_2_font_size=&#8221;40px&#8221; header_2_line_height=&#8221;1.6em&#8221; header_2_font_size_tablet=&#8221;40px&#8221; header_2_font_size_phone=&#8221;28px&#8221; header_2_font_size_last_edited=&#8221;on|phone&#8221; global_colors_info=&#8221;{}&#8221;]<\/p>\n<h2>We shape your smile.<br \/>The technologically advanced center, under the guidance of specialists, offers a unique approach to solving problems of the oral cavity.<\/h2>\n<p>[\/et_pb_text][et_pb_text _builder_version=&#8221;4.19.5&#8243; _module_preset=&#8221;default&#8221; header_4_text_align=&#8221;center&#8221; header_4_text_color=&#8221;#FFFFFF&#8221; header_4_font_size=&#8221;21px&#8221; global_colors_info=&#8221;{}&#8221;]<\/p>\n<h4>Dentelin Coop<\/h4>\n<p>[\/et_pb_text][et_pb_button button_url=&#8221;https:\/\/dentelin.eu\/en\/contact-us\/&#8221; button_text=&#8221;Send inquiry&#8221; button_alignment=&#8221;center&#8221; _builder_version=&#8221;4.22.2&#8243; _module_preset=&#8221;default&#8221; custom_button=&#8221;on&#8221; button_text_size=&#8221;16px&#8221; button_text_color=&#8221;#FFFFFF&#8221; button_bg_color=&#8221;#3a6afd&#8221; button_border_width=&#8221;0px&#8221; button_border_radius=&#8221;45px&#8221; button_font=&#8221;Poppins|300|||||||&#8221; custom_padding=&#8221;10px|40px|10px|40px|true|true&#8221; global_colors_info=&#8221;{}&#8221;][\/et_pb_button][\/et_pb_column][\/et_pb_row][\/et_pb_section]<\/p>\n","protected":false},"excerpt":{"rendered":"<p>Dentelin Dental Training CenterDentelin Our dental center is recognized by our dear patients and dental partners, which makes us very grateful and proud. We\u2019ve been serving our patients for 30 years. As certified center for oral implantology, Dentelin is under the guidance and extensive experience of Dr. Danijela Komljenovi\u0107 Blitva, specialist in oral surgery\/ Therefore, [&hellip;]<\/p>\n","protected":false},"author":1,"featured_media":0,"parent":0,"menu_order":0,"comment_status":"closed","ping_status":"closed","template":"","meta":{"_et_pb_use_builder":"on","_et_pb_old_content":"<p>[et_pb_section fb_built=\"1\" _builder_version=\"4.19.5\" _module_preset=\"default\" background_image=\"https:\/\/dentelin.eu\/wp-content\/uploads\/2023\/03\/dentelin-header.jpg\" global_colors_info=\"{}\"][et_pb_row _builder_version=\"4.19.5\" _module_preset=\"default\" max_width=\"80%\" global_colors_info=\"{}\"][et_pb_column type=\"4_4\" _builder_version=\"4.19.5\" _module_preset=\"default\" global_colors_info=\"{}\"][et_pb_text _builder_version=\"4.19.5\" _module_preset=\"default\" header_text_color=\"#FFFFFF\" header_font_size=\"40px\" global_colors_info=\"{}\"]<\/p>\r\n<h1>Dentalno edukacijski centar Dentelin<\/h1>\r\n<p>[\/et_pb_text][\/et_pb_column][\/et_pb_row][\/et_pb_section][et_pb_section fb_built=\"1\" _builder_version=\"4.19.5\" _module_preset=\"default\" background_color=\"#00060f\" custom_padding=\"0px||||false|false\" global_colors_info=\"{}\"][et_pb_row column_structure=\"1_2,1_2\" make_equal=\"on\" _builder_version=\"4.19.5\" _module_preset=\"default\" background_color=\"#242834\" max_width=\"80%\" custom_margin=\"0px|auto||auto|false|false\" custom_padding=\"3%|3%|3%|3%|true|true\" border_width_bottom=\"1px\" global_colors_info=\"{}\"][et_pb_column type=\"1_2\" _builder_version=\"4.19.5\" _module_preset=\"default\" global_colors_info=\"{}\"][et_pb_text _builder_version=\"4.19.5\" _module_preset=\"default\" text_text_color=\"#FFFFFF\" text_font_size=\"20px\" header_3_text_color=\"#FFFFFF\" header_3_font_size=\"30px\" header_3_line_height=\"2.3em\" custom_margin=\"|||20px|false|false\" custom_padding=\"|||25px|false|false\" border_radii=\"on|6px|6px|6px|6px\" border_width_left=\"10px\" border_color_left=\"#3a6afd\" global_colors_info=\"{}\"]<\/p>\r\n<h3>Dentelin<\/h3>\r\n<p>Na\u0161 dentalni centar je ne\u0161to \u0161to je prepoznato od strane na\u0161ih partnera i dragih pacijenata na \u0161to smo jako zahvalni i ponosni. Postojimo ve\u0107 30 godina. Kao jedan od certificiranih centara za oralnu implantologiju, pod vodstvom dr.Danijele Komljenovi\u0107 Blitve, specijaliste oralne kirurgije, imamo veliku uspje\u0161nost u rije\u0161avanju i najkompleksnijih situacija. [\/et_pb_text][\/et_pb_column][et_pb_column type=\"1_2\" _builder_version=\"4.19.5\" _module_preset=\"default\" global_colors_info=\"{}\"][et_pb_text _builder_version=\"4.19.5\" _module_preset=\"default\" text_text_color=\"#FFFFFF\" text_font_size=\"20px\" header_3_text_color=\"#FFFFFF\" header_3_font_size=\"30px\" header_3_line_height=\"2.3em\" custom_margin=\"|||20px|false|false\" custom_padding=\"|||25px|false|false\" border_radii=\"on|6px|6px|6px|6px\" border_width_left=\"10px\" border_color_left=\"#3a6afd\" global_colors_info=\"{}\"]<\/p>\r\n<h3>Dentelin<\/h3>\r\n<p>U na\u0161em dentalnom centru je mogu\u0107e obaviti sve preglede i potrebne zahvate. U suradnji smo sa najsuvremenijim dentalnim laboratorijima u Republici Hrvatskoj ali i van RH. Tehnolo\u0161ki napredak je omogu\u0107io nama i Vama br\u017ee i sigurnije rije\u0161enje.[\/et_pb_text][\/et_pb_column][\/et_pb_row][et_pb_row column_structure=\"1_2,1_2\" make_equal=\"on\" _builder_version=\"4.19.5\" _module_preset=\"default\" background_color=\"#242834\" max_width=\"80%\" custom_margin=\"0px|auto||auto|false|false\" custom_padding=\"3%|3%|3%|3%|true|true\" global_colors_info=\"{}\"][et_pb_column type=\"1_2\" _builder_version=\"4.19.5\" _module_preset=\"default\" global_colors_info=\"{}\"][et_pb_text _builder_version=\"4.19.5\" _module_preset=\"default\" text_text_color=\"#FFFFFF\" text_font_size=\"20px\" header_3_text_color=\"#FFFFFF\" header_3_font_size=\"30px\" header_3_line_height=\"2.3em\" custom_margin=\"|||20px|false|false\" custom_padding=\"|||25px|false|false\" border_radii=\"on|6px|6px|6px|6px\" border_width_left=\"10px\" border_color_left=\"#3a6afd\" global_colors_info=\"{}\"]<\/p>\r\n<h3>Pacijenti o nama<\/h3>\r\n<p>'Prije posjeta stomatolo\u0161koj ordinaciji Dentelin Coop imala sam lo\u0161e iskustvo s stomatolozima. Nakon upoznavanja tima ordinacije osjetila sam sigurnost, koji su oni svakako opravdali mojim zavr\u0161nim radom. Mogu re\u0107i da sam prezadovoljna sa kona\u010dnim rezultatom i sad se nakon puno godina mogu nasmijati. Moja preporuka.'<\/p>\r\n<p>Larisa Mojnovi\u0107[\/et_pb_text][\/et_pb_column][et_pb_column type=\"1_2\" _builder_version=\"4.19.5\" _module_preset=\"default\" global_colors_info=\"{}\"][et_pb_text _builder_version=\"4.19.5\" _module_preset=\"default\" text_text_color=\"#FFFFFF\" text_font_size=\"20px\" header_3_text_color=\"#FFFFFF\" header_3_font_size=\"30px\" header_3_line_height=\"2.3em\" custom_margin=\"|||20px|false|false\" custom_padding=\"|||25px|false|false\" border_radii=\"on|6px|6px|6px|6px\" border_width_left=\"10px\" border_color_left=\"#3a6afd\" global_colors_info=\"{}\"]<\/p>\r\n<h3>Pacijenti o nama<\/h3>\r\n<p>'Posjetila sam stomatolo\u0161ku ordinaciju Dentelin Coop dok sam bila na odmoru u Rovinju. Prezadovoljna sam uslugom koju sam dobila kao i radom. Svima bih preporu\u010dila ordinaciju Dentelin. Definitivno \u0107u opet do\u0107i.'<\/p>\r\n<p>Gabrijela Matrica[\/et_pb_text][\/et_pb_column][\/et_pb_row][\/et_pb_section][et_pb_section fb_built=\"1\" _builder_version=\"4.19.5\" _module_preset=\"default\" use_background_color_gradient=\"on\" background_color_gradient_stops=\"rgba(0,0,0,0.24) 2%|rgba(0,0,0,0.14) 99%\" background_color_gradient_overlays_image=\"on\" background_image=\"https:\/\/dentelin.eu\/wp-content\/uploads\/2023\/03\/dentelin-o-nama2.jpg\" parallax=\"on\" global_colors_info=\"{}\"][et_pb_row _builder_version=\"4.19.5\" _module_preset=\"default\" global_colors_info=\"{}\"][et_pb_column type=\"4_4\" _builder_version=\"4.19.5\" _module_preset=\"default\" global_colors_info=\"{}\"][et_pb_text _builder_version=\"4.19.5\" _module_preset=\"default\" header_2_font=\"|300|||||||\" header_2_text_align=\"center\" header_2_text_color=\"#FFFFFF\" header_2_font_size=\"40px\" header_2_line_height=\"1.6em\" header_2_font_size_tablet=\"40px\" header_2_font_size_phone=\"28px\" header_2_font_size_last_edited=\"on|phone\" global_colors_info=\"{}\"]<\/p>\r\n<h2>Dopustite da modeliramo Va\u0161 osmijeh.<br \/>Tehnolo\u0161ki napredni centar uz vodstvo specijalista, nudi jedinstveni pristup u rije\u0161avanju problema usne \u0161upljine.<\/h2>\r\n<p>[\/et_pb_text][et_pb_text _builder_version=\"4.19.5\" _module_preset=\"default\" header_4_text_align=\"center\" header_4_text_color=\"#FFFFFF\" header_4_font_size=\"21px\" global_colors_info=\"{}\"]<\/p>\r\n<h4>Dentelin Coop<\/h4>\r\n<p>[\/et_pb_text][et_pb_button button_url=\"#kontakt\" button_text=\"Po\u0161aljite upit\" button_alignment=\"center\" _builder_version=\"4.19.5\" _module_preset=\"default\" custom_button=\"on\" button_text_size=\"16px\" button_text_color=\"#FFFFFF\" button_bg_color=\"#3a6afd\" button_border_width=\"0px\" button_border_radius=\"45px\" button_font=\"Poppins|300|||||||\" custom_padding=\"10px|40px|10px|40px|true|true\" global_colors_info=\"{}\"][\/et_pb_button][\/et_pb_column][\/et_pb_row][\/et_pb_section]<\/p>","_et_gb_content_width":"","footnotes":""},"yoast_head":"<!-- This site is optimized with the Yoast SEO plugin v23.0 - https:\/\/yoast.com\/wordpress\/plugins\/seo\/ -->\n<title>About us: The team &amp; Vision defining our excellence | Dentelin<\/title>\n<meta name=\"description\" content=\"Meet the team dedicated to your oral health. Learn about our approach to dental care. Schedule a visit to start your journey to a perfect smile!\" \/>\n<meta name=\"robots\" content=\"index, follow, max-snippet:-1, max-image-preview:large, max-video-preview:-1\" \/>\n<link rel=\"canonical\" href=\"https:\/\/dentelin.eu\/en\/about-us\/\" \/>\n<meta property=\"og:locale\" content=\"en_US\" \/>\n<meta property=\"og:type\" content=\"article\" \/>\n<meta property=\"og:title\" content=\"About us: The team &amp; Vision defining our excellence | Dentelin\" \/>\n<meta property=\"og:description\" content=\"Meet the team dedicated to your oral health. Learn about our approach to dental care. Schedule a visit to start your journey to a perfect smile!\" \/>\n<meta property=\"og:url\" content=\"https:\/\/dentelin.eu\/en\/about-us\/\" \/>\n<meta property=\"og:site_name\" content=\"Dentelin Coop stomatolo\u0161ka ordinacija u Rovinju\" \/>\n<meta property=\"article:modified_time\" content=\"2023-11-07T11:12:10+00:00\" \/>\n<meta name=\"twitter:card\" content=\"summary_large_image\" \/>\n<meta name=\"twitter:label1\" content=\"Est. reading time\" \/>\n\t<meta name=\"twitter:data1\" content=\"3 minutes\" \/>\n<script type=\"application\/ld+json\" class=\"yoast-schema-graph\">{\"@context\":\"https:\/\/schema.org\",\"@graph\":[{\"@type\":\"WebPage\",\"@id\":\"https:\/\/dentelin.eu\/en\/about-us\/\",\"url\":\"https:\/\/dentelin.eu\/en\/about-us\/\",\"name\":\"About us: The team & Vision defining our excellence | Dentelin\",\"isPartOf\":{\"@id\":\"https:\/\/dentelin.eu\/en\/#website\"},\"datePublished\":\"2023-03-20T17:40:26+00:00\",\"dateModified\":\"2023-11-07T11:12:10+00:00\",\"description\":\"Meet the team dedicated to your oral health. Learn about our approach to dental care. Schedule a visit to start your journey to a perfect smile!\",\"breadcrumb\":{\"@id\":\"https:\/\/dentelin.eu\/en\/about-us\/#breadcrumb\"},\"inLanguage\":\"en-US\",\"potentialAction\":[{\"@type\":\"ReadAction\",\"target\":[\"https:\/\/dentelin.eu\/en\/about-us\/\"]}]},{\"@type\":\"BreadcrumbList\",\"@id\":\"https:\/\/dentelin.eu\/en\/about-us\/#breadcrumb\",\"itemListElement\":[{\"@type\":\"ListItem\",\"position\":1,\"name\":\"Po\u010detna stranica\",\"item\":\"https:\/\/dentelin.eu\/en\/\"},{\"@type\":\"ListItem\",\"position\":2,\"name\":\"About Us\"}]},{\"@type\":\"WebSite\",\"@id\":\"https:\/\/dentelin.eu\/en\/#website\",\"url\":\"https:\/\/dentelin.eu\/en\/\",\"name\":\"Dentelin Coop stomatolo\u0161ka ordinacija u Rovinju\",\"description\":\"\",\"potentialAction\":[{\"@type\":\"SearchAction\",\"target\":{\"@type\":\"EntryPoint\",\"urlTemplate\":\"https:\/\/dentelin.eu\/en\/?s={search_term_string}\"},\"query-input\":\"required name=search_term_string\"}],\"inLanguage\":\"en-US\"}]}<\/script>\n<!-- \/ Yoast SEO plugin. -->","yoast_head_json":{"title":"About us: The team & Vision defining our excellence | Dentelin","description":"Meet the team dedicated to your oral health. Learn about our approach to dental care. Schedule a visit to start your journey to a perfect smile!","robots":{"index":"index","follow":"follow","max-snippet":"max-snippet:-1","max-image-preview":"max-image-preview:large","max-video-preview":"max-video-preview:-1"},"canonical":"https:\/\/dentelin.eu\/en\/about-us\/","og_locale":"en_US","og_type":"article","og_title":"About us: The team & Vision defining our excellence | Dentelin","og_description":"Meet the team dedicated to your oral health. Learn about our approach to dental care. Schedule a visit to start your journey to a perfect smile!","og_url":"https:\/\/dentelin.eu\/en\/about-us\/","og_site_name":"Dentelin Coop stomatolo\u0161ka ordinacija u Rovinju","article_modified_time":"2023-11-07T11:12:10+00:00","twitter_card":"summary_large_image","twitter_misc":{"Est. reading time":"3 minutes"},"schema":{"@context":"https:\/\/schema.org","@graph":[{"@type":"WebPage","@id":"https:\/\/dentelin.eu\/en\/about-us\/","url":"https:\/\/dentelin.eu\/en\/about-us\/","name":"About us: The team & Vision defining our excellence | Dentelin","isPartOf":{"@id":"https:\/\/dentelin.eu\/en\/#website"},"datePublished":"2023-03-20T17:40:26+00:00","dateModified":"2023-11-07T11:12:10+00:00","description":"Meet the team dedicated to your oral health. Learn about our approach to dental care. Schedule a visit to start your journey to a perfect smile!","breadcrumb":{"@id":"https:\/\/dentelin.eu\/en\/about-us\/#breadcrumb"},"inLanguage":"en-US","potentialAction":[{"@type":"ReadAction","target":["https:\/\/dentelin.eu\/en\/about-us\/"]}]},{"@type":"BreadcrumbList","@id":"https:\/\/dentelin.eu\/en\/about-us\/#breadcrumb","itemListElement":[{"@type":"ListItem","position":1,"name":"Po\u010detna stranica","item":"https:\/\/dentelin.eu\/en\/"},{"@type":"ListItem","position":2,"name":"About Us"}]},{"@type":"WebSite","@id":"https:\/\/dentelin.eu\/en\/#website","url":"https:\/\/dentelin.eu\/en\/","name":"Dentelin Coop stomatolo\u0161ka ordinacija u Rovinju","description":"","potentialAction":[{"@type":"SearchAction","target":{"@type":"EntryPoint","urlTemplate":"https:\/\/dentelin.eu\/en\/?s={search_term_string}"},"query-input":"required name=search_term_string"}],"inLanguage":"en-US"}]}},"_links":{"self":[{"href":"https:\/\/dentelin.eu\/en\/wp-json\/wp\/v2\/pages\/29752"}],"collection":[{"href":"https:\/\/dentelin.eu\/en\/wp-json\/wp\/v2\/pages"}],"about":[{"href":"https:\/\/dentelin.eu\/en\/wp-json\/wp\/v2\/types\/page"}],"author":[{"embeddable":true,"href":"https:\/\/dentelin.eu\/en\/wp-json\/wp\/v2\/users\/1"}],"replies":[{"embeddable":true,"href":"https:\/\/dentelin.eu\/en\/wp-json\/wp\/v2\/comments?post=29752"}],"version-history":[{"count":9,"href":"https:\/\/dentelin.eu\/en\/wp-json\/wp\/v2\/pages\/29752\/revisions"}],"predecessor-version":[{"id":30514,"href":"https:\/\/dentelin.eu\/en\/wp-json\/wp\/v2\/pages\/29752\/revisions\/30514"}],"wp:attachment":[{"href":"https:\/\/dentelin.eu\/en\/wp-json\/wp\/v2\/media?parent=29752"}],"curies":[{"name":"wp","href":"https:\/\/api.w.org\/{rel}","templated":true}]}}