{"id":29828,"date":"2023-03-28T05:30:24","date_gmt":"2023-03-28T04:30:24","guid":{"rendered":"https:\/\/dentelin.tempurl.host\/?page_id=29828"},"modified":"2023-11-07T12:22:34","modified_gmt":"2023-11-07T11:22:34","slug":"module-1","status":"publish","type":"page","link":"https:\/\/dentelin.eu\/en\/module-1\/","title":{"rendered":"Module 1"},"content":{"rendered":"<p>[et_pb_section fb_built=&#8221;1&#8243; _builder_version=&#8221;4.19.5&#8243; _module_preset=&#8221;default&#8221; background_image=&#8221;https:\/\/dentelin.eu\/wp-content\/uploads\/2023\/03\/dentelin-header.jpg&#8221; global_colors_info=&#8221;{}&#8221;][et_pb_row _builder_version=&#8221;4.19.5&#8243; _module_preset=&#8221;default&#8221; max_width=&#8221;80%&#8221; global_colors_info=&#8221;{}&#8221;][et_pb_column type=&#8221;4_4&#8243; _builder_version=&#8221;4.19.5&#8243; _module_preset=&#8221;default&#8221; global_colors_info=&#8221;{}&#8221;][et_pb_text _builder_version=&#8221;4.19.5&#8243; _module_preset=&#8221;default&#8221; header_text_color=&#8221;#FFFFFF&#8221; header_font_size=&#8221;40px&#8221; global_colors_info=&#8221;{}&#8221;]<\/p>\n<h1>Module 1<\/h1>\n<p>[\/et_pb_text][\/et_pb_column][\/et_pb_row][\/et_pb_section][et_pb_section fb_built=&#8221;1&#8243; _builder_version=&#8221;4.19.5&#8243; _module_preset=&#8221;default&#8221; background_color=&#8221;#00060f&#8221; custom_padding=&#8221;0px||||false|false&#8221; global_colors_info=&#8221;{}&#8221;][et_pb_row make_equal=&#8221;on&#8221; _builder_version=&#8221;4.19.5&#8243; _module_preset=&#8221;default&#8221; background_color=&#8221;#242834&#8243; max_width=&#8221;80%&#8221; custom_margin=&#8221;0px|auto||auto|false|false&#8221; custom_padding=&#8221;3%|3%|3%|3%|true|true&#8221; border_width_bottom=&#8221;1px&#8221; global_colors_info=&#8221;{}&#8221;][et_pb_column type=&#8221;4_4&#8243; _builder_version=&#8221;4.19.5&#8243; _module_preset=&#8221;default&#8221; global_colors_info=&#8221;{}&#8221;][et_pb_text _builder_version=&#8221;4.19.5&#8243; _module_preset=&#8221;default&#8221; text_text_color=&#8221;#FFFFFF&#8221; text_font_size=&#8221;20px&#8221; header_3_text_color=&#8221;#FFFFFF&#8221; header_3_font_size=&#8221;30px&#8221; header_3_line_height=&#8221;2.3em&#8221; custom_margin=&#8221;|||20px|false|false&#8221; custom_padding=&#8221;|||25px|false|false&#8221; border_radii=&#8221;on|6px|6px|6px|6px&#8221; border_width_left=&#8221;10px&#8221; border_color_left=&#8221;#3a6afd&#8221; global_colors_info=&#8221;{}&#8221;]<\/p>\n<p>9:30\u2014Welcome<br \/>10:00\u201410:45 Introduction to surgery\/implantology<br \/>10:45\u201411:30 Most common flap types during implant placement (why? how?)\/suture types<br \/>11:30\u201411:50 Coffee break<br \/>11:50\u201412:45 Work on the model (applying the flaps and stitching)<br \/>12:50\u201413:45 Principles of implantology (when? how?)\/protocols<br \/>13:50\u201414:30 How to choose the right candidate<br \/>14:30\u201415:20 Lunch break<br \/>15:30\u201416:30 Placement of implants on the model<br \/>16:30\u201417:00 Questions\/answers\/conclusions<br \/>17:00\u201417:15 Completing\/distributing course certificates<\/p>\n<p>[\/et_pb_text][\/et_pb_column][\/et_pb_row][\/et_pb_section]<\/p>\n","protected":false},"excerpt":{"rendered":"<p>Module 19:30\u2014Welcome10:00\u201410:45 Introduction to surgery\/implantology10:45\u201411:30 Most common flap types during implant placement (why? how?)\/suture types11:30\u201411:50 Coffee break11:50\u201412:45 Work on the model (applying the flaps and stitching)12:50\u201413:45 Principles of implantology (when? how?)\/protocols13:50\u201414:30 How to choose the right candidate14:30\u201415:20 Lunch break15:30\u201416:30 Placement of implants on the model16:30\u201417:00 Questions\/answers\/conclusions17:00\u201417:15 Completing\/distributing course certificates<\/p>\n","protected":false},"author":1,"featured_media":0,"parent":0,"menu_order":0,"comment_status":"closed","ping_status":"closed","template":"","meta":{"_et_pb_use_builder":"on","_et_pb_old_content":"[et_pb_section fb_built=\"1\" _builder_version=\"4.19.5\" _module_preset=\"default\" background_image=\"https:\/\/dentelin.eu\/wp-content\/uploads\/2023\/03\/dentelin-header.jpg\" global_colors_info=\"{}\"][et_pb_row _builder_version=\"4.19.5\" _module_preset=\"default\" max_width=\"80%\" global_colors_info=\"{}\"][et_pb_column type=\"4_4\" _builder_version=\"4.19.5\" _module_preset=\"default\" global_colors_info=\"{}\"][et_pb_text _builder_version=\"4.19.5\" _module_preset=\"default\" header_text_color=\"#FFFFFF\" header_font_size=\"40px\" global_colors_info=\"{}\"]<h1>Modul 1<\/h1>[\/et_pb_text][\/et_pb_column][\/et_pb_row][\/et_pb_section][et_pb_section fb_built=\"1\" _builder_version=\"4.19.5\" _module_preset=\"default\" background_color=\"#00060f\" custom_padding=\"0px||||false|false\" global_colors_info=\"{}\"][et_pb_row make_equal=\"on\" _builder_version=\"4.19.5\" _module_preset=\"default\" background_color=\"#242834\" max_width=\"80%\" custom_margin=\"0px|auto||auto|false|false\" custom_padding=\"3%|3%|3%|3%|true|true\" border_width_bottom=\"1px\" global_colors_info=\"{}\"][et_pb_column type=\"4_4\" _builder_version=\"4.19.5\" _module_preset=\"default\" global_colors_info=\"{}\"][et_pb_text _builder_version=\"4.19.5\" _module_preset=\"default\" text_text_color=\"#FFFFFF\" text_font_size=\"20px\" header_3_text_color=\"#FFFFFF\" header_3_font_size=\"30px\" header_3_line_height=\"2.3em\" custom_margin=\"|||20px|false|false\" custom_padding=\"|||25px|false|false\" border_radii=\"on|6px|6px|6px|6px\" border_width_left=\"10px\" border_color_left=\"#3a6afd\" global_colors_info=\"{}\"]<p id=\"viewer-foo\" class=\"mm8Nw _1j-51 roLFQS _1FoOD _3M0Fe Z63qyL roLFQS public-DraftStyleDefault-block-depth0 fixed-tab-size public-DraftStyleDefault-text-ltr\"><span class=\"_2PHJq public-DraftStyleDefault-ltr\">9:30\u2014Dobrodo\u0161lica<\/span><\/p>\r\n<p id=\"viewer-99oft\" class=\"mm8Nw _1j-51 roLFQS _1FoOD _3M0Fe Z63qyL roLFQS public-DraftStyleDefault-block-depth0 fixed-tab-size public-DraftStyleDefault-text-ltr\"><span class=\"_2PHJq public-DraftStyleDefault-ltr\">10:00\u201410:45 Uvod u kirurgiju\/implantologiju<\/span><\/p>\r\n<p id=\"viewer-9991a\" class=\"mm8Nw _1j-51 roLFQS _1FoOD _3M0Fe Z63qyL roLFQS public-DraftStyleDefault-block-depth0 fixed-tab-size public-DraftStyleDefault-text-ltr\"><span class=\"_2PHJq public-DraftStyleDefault-ltr\">10:45\u201411:30 Vrste naj\u010de\u0161\u0107ih re\u017enjeva pri ugradnji implantata (za\u0161to?kako?)\/vrste \u0161avova<\/span><\/p>\r\n<p id=\"viewer-6c9mn\" class=\"mm8Nw _1j-51 roLFQS _1FoOD _3M0Fe Z63qyL roLFQS public-DraftStyleDefault-block-depth0 fixed-tab-size public-DraftStyleDefault-text-ltr\"><span class=\"_2PHJq public-DraftStyleDefault-ltr\">11:30\u201411:50 Stanka za kavu<\/span><\/p>\r\n<p id=\"viewer-1luo9\" class=\"mm8Nw _1j-51 roLFQS _1FoOD _3M0Fe Z63qyL roLFQS public-DraftStyleDefault-block-depth0 fixed-tab-size public-DraftStyleDefault-text-ltr\"><span class=\"_2PHJq public-DraftStyleDefault-ltr\">11:50\u201412:45 Rad na modelu (primjena re\u017enjeva i \u0161ivanje)<\/span><\/p>\r\n<p id=\"viewer-22aka\" class=\"mm8Nw _1j-51 roLFQS _1FoOD _3M0Fe Z63qyL roLFQS public-DraftStyleDefault-block-depth0 fixed-tab-size public-DraftStyleDefault-text-ltr\"><span class=\"_2PHJq public-DraftStyleDefault-ltr\">12:50\u201413:45 Principi implantologije (kada?kako?)\/protokoli<\/span><\/p>\r\n<p id=\"viewer-59pca\" class=\"mm8Nw _1j-51 roLFQS _1FoOD _3M0Fe Z63qyL roLFQS public-DraftStyleDefault-block-depth0 fixed-tab-size public-DraftStyleDefault-text-ltr\"><span class=\"_2PHJq public-DraftStyleDefault-ltr\">13:50\u201414:30 Kako odabrati pravog kandidata <\/span><\/p>\r\n<p id=\"viewer-69bcg\" class=\"mm8Nw _1j-51 roLFQS _1FoOD _3M0Fe Z63qyL roLFQS public-DraftStyleDefault-block-depth0 fixed-tab-size public-DraftStyleDefault-text-ltr\"><span class=\"_2PHJq public-DraftStyleDefault-ltr\">14:30\u201415:20 Stanka za ru\u010dak<\/span><\/p>\r\n<p id=\"viewer-14gpu\" class=\"mm8Nw _1j-51 roLFQS _1FoOD _3M0Fe Z63qyL roLFQS public-DraftStyleDefault-block-depth0 fixed-tab-size public-DraftStyleDefault-text-ltr\"><span class=\"_2PHJq public-DraftStyleDefault-ltr\">15:30\u201416:30 Ugradnja implantata na modelu <\/span><\/p>\r\n<p id=\"viewer-a2f91\" class=\"mm8Nw _1j-51 roLFQS _1FoOD _3M0Fe Z63qyL roLFQS public-DraftStyleDefault-block-depth0 fixed-tab-size public-DraftStyleDefault-text-ltr\"><span class=\"_2PHJq public-DraftStyleDefault-ltr\">16:30\u201417:00 Pitanja\/odgovori\/zaklju\u010dak<\/span><\/p>\r\n<p id=\"viewer-17mfl\" class=\"mm8Nw _1j-51 roLFQS _1FoOD _3M0Fe Z63qyL roLFQS public-DraftStyleDefault-block-depth0 fixed-tab-size public-DraftStyleDefault-text-ltr\"><span class=\"_2PHJq public-DraftStyleDefault-ltr\">17:00\u201417:15 Zavr\u0161etak\/podjela certifikata te\u010daja<\/span><\/p>[\/et_pb_text][\/et_pb_column][\/et_pb_row][\/et_pb_section]","_et_gb_content_width":"","footnotes":""},"yoast_head":"<!-- This site is optimized with the Yoast SEO plugin v23.0 - https:\/\/yoast.com\/wordpress\/plugins\/seo\/ -->\n<title>Module 1: Dive into surgical implantology principles | Dentelin<\/title>\n<meta name=\"description\" content=\"Master the basics of surgical implantology throughout module 1. Enroll now to enhance your dental skills and practice!\" \/>\n<meta name=\"robots\" content=\"index, follow, max-snippet:-1, max-image-preview:large, max-video-preview:-1\" \/>\n<link rel=\"canonical\" href=\"https:\/\/dentelin.eu\/en\/module-1\/\" \/>\n<meta property=\"og:locale\" content=\"en_US\" \/>\n<meta property=\"og:type\" content=\"article\" \/>\n<meta property=\"og:title\" content=\"Module 1: Dive into surgical implantology principles | Dentelin\" \/>\n<meta property=\"og:description\" content=\"Master the basics of surgical implantology throughout module 1. Enroll now to enhance your dental skills and practice!\" \/>\n<meta property=\"og:url\" content=\"https:\/\/dentelin.eu\/en\/module-1\/\" \/>\n<meta property=\"og:site_name\" content=\"Dentelin Coop stomatolo\u0161ka ordinacija u Rovinju\" \/>\n<meta property=\"article:modified_time\" content=\"2023-11-07T11:22:34+00:00\" \/>\n<meta name=\"twitter:card\" content=\"summary_large_image\" \/>\n<meta name=\"twitter:label1\" content=\"Est. reading time\" \/>\n\t<meta name=\"twitter:data1\" content=\"1 minute\" \/>\n<script type=\"application\/ld+json\" class=\"yoast-schema-graph\">{\"@context\":\"https:\/\/schema.org\",\"@graph\":[{\"@type\":\"WebPage\",\"@id\":\"https:\/\/dentelin.eu\/en\/module-1\/\",\"url\":\"https:\/\/dentelin.eu\/en\/module-1\/\",\"name\":\"Module 1: Dive into surgical implantology principles | Dentelin\",\"isPartOf\":{\"@id\":\"https:\/\/dentelin.eu\/en\/#website\"},\"datePublished\":\"2023-03-28T04:30:24+00:00\",\"dateModified\":\"2023-11-07T11:22:34+00:00\",\"description\":\"Master the basics of surgical implantology throughout module 1. Enroll now to enhance your dental skills and practice!\",\"breadcrumb\":{\"@id\":\"https:\/\/dentelin.eu\/en\/module-1\/#breadcrumb\"},\"inLanguage\":\"en-US\",\"potentialAction\":[{\"@type\":\"ReadAction\",\"target\":[\"https:\/\/dentelin.eu\/en\/module-1\/\"]}]},{\"@type\":\"BreadcrumbList\",\"@id\":\"https:\/\/dentelin.eu\/en\/module-1\/#breadcrumb\",\"itemListElement\":[{\"@type\":\"ListItem\",\"position\":1,\"name\":\"Po\u010detna stranica\",\"item\":\"https:\/\/dentelin.eu\/en\/\"},{\"@type\":\"ListItem\",\"position\":2,\"name\":\"Module 1\"}]},{\"@type\":\"WebSite\",\"@id\":\"https:\/\/dentelin.eu\/en\/#website\",\"url\":\"https:\/\/dentelin.eu\/en\/\",\"name\":\"Dentelin Coop stomatolo\u0161ka ordinacija u Rovinju\",\"description\":\"\",\"potentialAction\":[{\"@type\":\"SearchAction\",\"target\":{\"@type\":\"EntryPoint\",\"urlTemplate\":\"https:\/\/dentelin.eu\/en\/?s={search_term_string}\"},\"query-input\":\"required name=search_term_string\"}],\"inLanguage\":\"en-US\"}]}<\/script>\n<!-- \/ Yoast SEO plugin. -->","yoast_head_json":{"title":"Module 1: Dive into surgical implantology principles | Dentelin","description":"Master the basics of surgical implantology throughout module 1. Enroll now to enhance your dental skills and practice!","robots":{"index":"index","follow":"follow","max-snippet":"max-snippet:-1","max-image-preview":"max-image-preview:large","max-video-preview":"max-video-preview:-1"},"canonical":"https:\/\/dentelin.eu\/en\/module-1\/","og_locale":"en_US","og_type":"article","og_title":"Module 1: Dive into surgical implantology principles | Dentelin","og_description":"Master the basics of surgical implantology throughout module 1. Enroll now to enhance your dental skills and practice!","og_url":"https:\/\/dentelin.eu\/en\/module-1\/","og_site_name":"Dentelin Coop stomatolo\u0161ka ordinacija u Rovinju","article_modified_time":"2023-11-07T11:22:34+00:00","twitter_card":"summary_large_image","twitter_misc":{"Est. reading time":"1 minute"},"schema":{"@context":"https:\/\/schema.org","@graph":[{"@type":"WebPage","@id":"https:\/\/dentelin.eu\/en\/module-1\/","url":"https:\/\/dentelin.eu\/en\/module-1\/","name":"Module 1: Dive into surgical implantology principles | Dentelin","isPartOf":{"@id":"https:\/\/dentelin.eu\/en\/#website"},"datePublished":"2023-03-28T04:30:24+00:00","dateModified":"2023-11-07T11:22:34+00:00","description":"Master the basics of surgical implantology throughout module 1. Enroll now to enhance your dental skills and practice!","breadcrumb":{"@id":"https:\/\/dentelin.eu\/en\/module-1\/#breadcrumb"},"inLanguage":"en-US","potentialAction":[{"@type":"ReadAction","target":["https:\/\/dentelin.eu\/en\/module-1\/"]}]},{"@type":"BreadcrumbList","@id":"https:\/\/dentelin.eu\/en\/module-1\/#breadcrumb","itemListElement":[{"@type":"ListItem","position":1,"name":"Po\u010detna stranica","item":"https:\/\/dentelin.eu\/en\/"},{"@type":"ListItem","position":2,"name":"Module 1"}]},{"@type":"WebSite","@id":"https:\/\/dentelin.eu\/en\/#website","url":"https:\/\/dentelin.eu\/en\/","name":"Dentelin Coop stomatolo\u0161ka ordinacija u Rovinju","description":"","potentialAction":[{"@type":"SearchAction","target":{"@type":"EntryPoint","urlTemplate":"https:\/\/dentelin.eu\/en\/?s={search_term_string}"},"query-input":"required name=search_term_string"}],"inLanguage":"en-US"}]}},"_links":{"self":[{"href":"https:\/\/dentelin.eu\/en\/wp-json\/wp\/v2\/pages\/29828"}],"collection":[{"href":"https:\/\/dentelin.eu\/en\/wp-json\/wp\/v2\/pages"}],"about":[{"href":"https:\/\/dentelin.eu\/en\/wp-json\/wp\/v2\/types\/page"}],"author":[{"embeddable":true,"href":"https:\/\/dentelin.eu\/en\/wp-json\/wp\/v2\/users\/1"}],"replies":[{"embeddable":true,"href":"https:\/\/dentelin.eu\/en\/wp-json\/wp\/v2\/comments?post=29828"}],"version-history":[{"count":3,"href":"https:\/\/dentelin.eu\/en\/wp-json\/wp\/v2\/pages\/29828\/revisions"}],"predecessor-version":[{"id":30516,"href":"https:\/\/dentelin.eu\/en\/wp-json\/wp\/v2\/pages\/29828\/revisions\/30516"}],"wp:attachment":[{"href":"https:\/\/dentelin.eu\/en\/wp-json\/wp\/v2\/media?parent=29828"}],"curies":[{"name":"wp","href":"https:\/\/api.w.org\/{rel}","templated":true}]}}